{"id":1108,"date":"2016-12-01T00:29:28","date_gmt":"2016-12-01T00:29:28","guid":{"rendered":"http:\/\/docteurkrns.com\/?page_id=1108"},"modified":"2020-09-11T12:32:50","modified_gmt":"2020-09-11T10:32:50","slug":"preparer-son-colis-pour-lenvoyer-au-docteur","status":"publish","type":"page","link":"https:\/\/docteurkrns.com\/index.php\/tutoriels\/preparer-son-colis-pour-lenvoyer-au-docteur\/","title":{"rendered":"Pr\u00e9parer son colis pour l&rsquo;envoyer au docteur."},"content":{"rendered":"<p>\u2192 Co\u00fbt d&rsquo;envoi pour UNE platine : <span style=\"color: #ff0000;\">entre 30\u20ac et 40\u20ac l&rsquo;aller-retour en moyenne<\/span><\/p>\n<p>\u2192 Co\u00fbt d&rsquo;envoi pour UNE table de mixage : <span style=\"color: #ff0000;\">entre 20\u20ac et 30\u20ac l&rsquo;aller-retour en moyenne<\/span><\/p>\n<p><span style=\"color: #ff0000;\">MERCI DE SUIVRE TR\u00c8S ATTENTIVEMENT CE TUTO :<\/span><\/p>\n<p>Voici comment bien pr\u00e9parer son colis pour l&rsquo;envoyer en toute s\u00e9curit\u00e9 chez Dr KRNS.<\/p>\n<p>Avant toute chose noter bien ces \u00e9l\u00e9ments essentiels :<\/p>\n<p>&#8211; Si vous avez votre emballage d&rsquo;origine, c&rsquo;est top mais rajoutez une couche de carton quand m\u00eame, on est jamais trop s\u00fbr !<\/p>\n<p>&#8211; Si vous souhaitez utiliser votre flight case, pourquoi pas. Mais assurez-vous que la platine ne bouge pas \u00e0 l&rsquo;int\u00e9rieur comme dans 80% des flights&#8230;<br \/>\nV\u00e9rifiez dans le votre mais elle doit s\u00fbrement bouger et cela peut \u00eatre fatale pour l&rsquo;arceau du bras de lecture. Il faut alors caler la platine en renfor\u00e7ant la mousse et ainsi exercer une pression sur le capot du flight pour le fermer. A partir de maintenant la platine est plaqu\u00e9e au fond et ne doit pas bouger. La base quoi !<\/p>\n<p>&#8211; Munissez-vous de carton solide, n&rsquo;h\u00e9sitez pas \u00e0 doubler la couche de carton pour que celui-ci ne s&rsquo;enfonce pas.<\/p>\n<p>&#8211; Rien ne doit bouger dans le carton et l&rsquo;objet doit \u00eatre extr\u00eamement bien prot\u00e9g\u00e9 sans \u00eatre en contact avec le carton \u00e0 l&rsquo;int\u00e9rieur.<\/p>\n<p>&#8211; Le choix du transporteur est tr\u00e8s tr\u00e8s important, <span style=\"color: #ff0000;\">c&rsquo;est pourquoi je vous d\u00e9conseille de passer par La Poste avec Colissimo<\/span> et vous recommande vivement d&rsquo;utiliser le site <a href=\"https:\/\/www.envoimoinscher.com\/\" target=\"_blank\" rel=\"noopener noreferrer\">https:\/\/www.envoimoinscher.com\/ <\/a>afin d&rsquo;acc\u00e9der au comparateur et choisir Chronopost, DHL, TNT, GLS, UPS&#8230;<br \/>\nUne fois toutes les formalit\u00e9s remplies et payement effectu\u00e9, le colis sera \u00e0 d\u00e9poser en bureau de poste ou bin retir\u00e9 chez vous et livr\u00e9 chez le docteur directement.<br \/>\nSauf accord avec le Docteur, merci de ne pas utiliser les Relais Colis ou autres d\u00e9p\u00f4ts.<\/p>\n<p>Voyons maintenant comment pr\u00e9parer sa platine pour bien l&#8217;emballer.<\/p>\n<p>Munissez-vous de :<\/p>\n<p>&#8211; Scotch \u00ab\u00a0bande cache\u00a0\u00bb pour la platine<br \/>\n<img loading=\"lazy\" class=\"alignnone  wp-image-1182\" src=\"http:\/\/docteurkrns.com\/wp-content\/uploads\/2018\/06\/images-duckduckgo-com-281x300.jpg\" alt=\"\" width=\"562\" height=\"598\" \/><br \/>\n&#8211; Scotch marron ou transparent pour le carton<br \/>\n<img loading=\"lazy\" class=\"alignnone  wp-image-1181\" src=\"http:\/\/docteurkrns.com\/wp-content\/uploads\/2018\/06\/images-duc.jpg\" alt=\"\" width=\"528\" height=\"549\" \/><br \/>\n&#8211; Une paire de ciseau ou cutter<br \/>\n&#8211; De quoi bien rembourrer le carton, bulles, journaux, mousses, vieux v\u00eatements, couette etc&#8230;<\/p>\n<p>LE PLUS IMPORTANT EST D&rsquo;OBTENIR UN CARTON SOLIDE QUI NE S&rsquo;ENFONCE PAS. Tellement solide que l&rsquo;on pourrait s&rsquo;assoir dessus !<br \/>\n<img loading=\"lazy\" class=\"alignnone  wp-image-1175\" src=\"http:\/\/docteurkrns.com\/wp-content\/uploads\/2018\/06\/conforme-par-conforme-212x300.jpg\" alt=\"\" width=\"435\" height=\"611\" \/><\/p>\n<p>Une fois ces outils en mains, pensez \u00e0 scotcher le plateau de la platine.<br \/>\n<img loading=\"lazy\" class=\"alignnone  wp-image-1185\" src=\"http:\/\/docteurkrns.com\/wp-content\/uploads\/2018\/06\/img_20150826_125743-300x169.jpg\" alt=\"\" width=\"587\" height=\"341\" \/><\/p>\n<p>Scotchez ensuite le contre-poids, ainsi que le bras lui-m\u00eame \u00e0 son crochet.<br \/>\n<img loading=\"lazy\" class=\"alignnone  wp-image-1186\" src=\"http:\/\/docteurkrns.com\/wp-content\/uploads\/2018\/06\/img_20150826_125748-300x169.jpg\" alt=\"\" width=\"582\" height=\"338\" \/><\/p>\n<p>A partir de l\u00e0, vous pouvez commencer \u00e0 rembourrer la platine elle m\u00eame.<br \/>\n<img loading=\"lazy\" class=\"alignnone  wp-image-1187\" src=\"http:\/\/docteurkrns.com\/wp-content\/uploads\/2018\/06\/img_20150826_130246-300x169.jpg\" alt=\"\" width=\"579\" height=\"336\" \/><\/p>\n<p>Pensez \u00e0 bien prot\u00e9ger le bras de lecture, c&rsquo;est la partie la plus fragile de la platine et la plus couteuse&#8230;<br \/>\nPensez aussi \u00e0 bien prot\u00e9ger tout le tour de la platine afin d&rsquo;\u00e9viter que celle-ci ne touche le carton de l&rsquo;int\u00e9rieur.<\/p>\n<p>Une fois le colis pr\u00eat il ne vous reste plus qu&rsquo;\u00e0 le peser, le mesurer et aller sur le site <a href=\"https:\/\/www.envoimoinscher.com\/\" target=\"_blank\" rel=\"noopener noreferrer\">https:\/\/www.envoimoinscher.com\/<\/a><\/p>\n<p><span style=\"color: #ff0000;\">N&rsquo;oubliez pas de demander l&rsquo;adresse \u00e0 laquelle envoyer le colis aupr\u00e8s du docteur par <a href=\"http:\/\/wp.me\/P47juh-1l\" target=\"_blank\" rel=\"noopener noreferrer\">mail<\/a> ou <a href=\"http:\/\/wp.me\/P47juh-1l\" target=\"_blank\" rel=\"noopener noreferrer\">t\u00e9l\u00e9phone<\/a>.<br \/>\n<\/span><\/p>\n","protected":false},"excerpt":{"rendered":"<p>\u2192 Co\u00fbt d&rsquo;envoi pour UNE platine : entre 30\u20ac et 40\u20ac l&rsquo;aller-retour en moyenne \u2192 Co\u00fbt d&rsquo;envoi pour UNE table de mixage : entre 20\u20ac et 30\u20ac l&rsquo;aller-retour en moyenne MERCI DE SUIVRE TR\u00c8S ATTENTIVEMENT CE TUTO : Voici comment &hellip; <a href=\"https:\/\/docteurkrns.com\/index.php\/tutoriels\/preparer-son-colis-pour-lenvoyer-au-docteur\/\">Continuer la lecture <span class=\"meta-nav\">&rarr;<\/span><\/a><\/p>\n","protected":false},"author":2,"featured_media":0,"parent":166,"menu_order":0,"comment_status":"closed","ping_status":"closed","template":"","meta":{"spay_email":""},"jetpack_sharing_enabled":true,"jetpack_shortlink":"https:\/\/wp.me\/Pa1UeJ-hS","_links":{"self":[{"href":"https:\/\/docteurkrns.com\/index.php\/wp-json\/wp\/v2\/pages\/1108"}],"collection":[{"href":"https:\/\/docteurkrns.com\/index.php\/wp-json\/wp\/v2\/pages"}],"about":[{"href":"https:\/\/docteurkrns.com\/index.php\/wp-json\/wp\/v2\/types\/page"}],"author":[{"embeddable":true,"href":"https:\/\/docteurkrns.com\/index.php\/wp-json\/wp\/v2\/users\/2"}],"replies":[{"embeddable":true,"href":"https:\/\/docteurkrns.com\/index.php\/wp-json\/wp\/v2\/comments?post=1108"}],"version-history":[{"count":5,"href":"https:\/\/docteurkrns.com\/index.php\/wp-json\/wp\/v2\/pages\/1108\/revisions"}],"predecessor-version":[{"id":1458,"href":"https:\/\/docteurkrns.com\/index.php\/wp-json\/wp\/v2\/pages\/1108\/revisions\/1458"}],"up":[{"embeddable":true,"href":"https:\/\/docteurkrns.com\/index.php\/wp-json\/wp\/v2\/pages\/166"}],"wp:attachment":[{"href":"https:\/\/docteurkrns.com\/index.php\/wp-json\/wp\/v2\/media?parent=1108"}],"curies":[{"name":"wp","href":"https:\/\/api.w.org\/{rel}","templated":true}]}}