{"id":171,"date":"2013-12-09T19:26:07","date_gmt":"2013-12-09T19:26:07","guid":{"rendered":"http:\/\/docteurkrns.com\/?page_id=171"},"modified":"2020-09-11T11:02:33","modified_gmt":"2020-09-11T09:02:33","slug":"entretenir-ses-contacts-de-bras-de-lecturecellule-pour-platines-vinyles","status":"publish","type":"page","link":"https:\/\/docteurkrns.com\/index.php\/tutoriels\/entretenir-ses-contacts-de-bras-de-lecturecellule-pour-platines-vinyles\/","title":{"rendered":"Entretenir ses contacts de bras de lecture\/cellule pour platines vinyles"},"content":{"rendered":"<p>Aujourd\u2019hui nous allons nous occuper des contacts ou faux-contacts de notre cellule ainsi que ceux du bras de lecture de notre platine vinyle.<\/p>\n<p>Munissez-vous soit d&rsquo;un crayon de bois ou bien d&rsquo;une \u00ab\u00a0bombe contact\u00a0\u00bb<\/p>\n<p><img loading=\"lazy\" class=\"alignnone  wp-image-178\" src=\"https:\/\/docteurkrns.com\/wp-content\/uploads\/2013\/12\/kit-300x238.jpg\" alt=\"\" width=\"585\" height=\"469\" \/><\/p>\n<p>Dans 80% des cas les probl\u00e8mes de st\u00e9r\u00e9o proviennent de ces contacts qui, avec le temps, s&rsquo;encrassent voire m\u00eame s&rsquo;oxydent lorsque leurs propri\u00e9taires confondent leurs cellules avec une sucette. Ce n&rsquo;est pas avec un coup de langue disgracieuse que nous pouvons tout arranger !<\/p>\n<p><img loading=\"lazy\" class=\"alignnone  wp-image-177\" src=\"https:\/\/docteurkrns.com\/wp-content\/uploads\/2013\/12\/connectique-avant-aprc3a8s-300x120.jpg\" alt=\"\" width=\"608\" height=\"257\" \/><\/p>\n<p>Il existe donc deux possibilit\u00e9s de r\u00e9tablir les contacts d&rsquo;une platine vinyle dot\u00e9e d&rsquo;un syst\u00e8me de fixation \u00e0 ba\u00efonnette. La premi\u00e8re, \u00e0 la port\u00e9e tous, est d&rsquo;appliquer \u00e0 l&rsquo;aide d&rsquo;un crayon de bois un peu de graffite, contenue dans la mine, sur les contacts de la cellule ou de son support ainsi qu&rsquo;\u00e0 l\u2019int\u00e9rieur de la ba\u00efonnette situ\u00e9e \u00e0 l\u2019extr\u00e9mit\u00e9 du bras de lecture. Le graffite \u00e9tant un corps gras et conducteur, il est le meilleur ami des petites connectiques comme celles de nos platines et tr\u00e8s facile \u00e0 glisser dans ses fly-cases.<\/p>\n<p>La seconde m\u00e9thode possible est d&rsquo;utiliser une bombe \u00ab\u00a0contact\u00a0\u00bb que vous pourrez trouver chez un revendeur en \u00e9lectronique. Ce type de bombe est tr\u00e8s utilis\u00e9e par les professionnels pour entretenir et nettoyer tous types de produits \u00e9lectroniques, elle peut vous \u00eatre d&rsquo;un grand secours si vos connectiques commencent \u00e0 s&rsquo;oxyder.<\/p>\n<p><img loading=\"lazy\" class=\"alignnone  wp-image-174\" src=\"https:\/\/docteurkrns.com\/wp-content\/uploads\/2013\/12\/pb140081-300x225.jpg\" alt=\"\" width=\"614\" height=\"468\" \/> <img loading=\"lazy\" class=\"alignnone  wp-image-175\" src=\"https:\/\/docteurkrns.com\/wp-content\/uploads\/2013\/12\/pb140084-300x225.jpg\" alt=\"\" width=\"601\" height=\"458\" \/> <img loading=\"lazy\" class=\"alignnone  wp-image-176\" src=\"https:\/\/docteurkrns.com\/wp-content\/uploads\/2013\/12\/pb140087-300x225.jpg\" alt=\"\" width=\"614\" height=\"468\" \/><\/p>\n<p>Dans certains cas, les connectiques sont tellement oxyd\u00e9es qu&rsquo;il faut changer le bras de lecture, alors un conseil gardez votre langue pour d&rsquo;autres activit\u00e9s bien plus lucratives et moins on\u00e9reuses !<\/p>\n<p>Dr KRNS<\/p>\n","protected":false},"excerpt":{"rendered":"<p>Aujourd\u2019hui nous allons nous occuper des contacts ou faux-contacts de notre cellule ainsi que ceux du bras de lecture de notre platine vinyle. Munissez-vous soit d&rsquo;un crayon de bois ou bien d&rsquo;une \u00ab\u00a0bombe contact\u00a0\u00bb Dans 80% des cas les probl\u00e8mes &hellip; <a href=\"https:\/\/docteurkrns.com\/index.php\/tutoriels\/entretenir-ses-contacts-de-bras-de-lecturecellule-pour-platines-vinyles\/\">Continuer la lecture <span class=\"meta-nav\">&rarr;<\/span><\/a><\/p>\n","protected":false},"author":2,"featured_media":177,"parent":166,"menu_order":0,"comment_status":"closed","ping_status":"closed","template":"","meta":{"spay_email":""},"jetpack_sharing_enabled":true,"jetpack_shortlink":"https:\/\/wp.me\/Pa1UeJ-2L","_links":{"self":[{"href":"https:\/\/docteurkrns.com\/index.php\/wp-json\/wp\/v2\/pages\/171"}],"collection":[{"href":"https:\/\/docteurkrns.com\/index.php\/wp-json\/wp\/v2\/pages"}],"about":[{"href":"https:\/\/docteurkrns.com\/index.php\/wp-json\/wp\/v2\/types\/page"}],"author":[{"embeddable":true,"href":"https:\/\/docteurkrns.com\/index.php\/wp-json\/wp\/v2\/users\/2"}],"replies":[{"embeddable":true,"href":"https:\/\/docteurkrns.com\/index.php\/wp-json\/wp\/v2\/comments?post=171"}],"version-history":[{"count":4,"href":"https:\/\/docteurkrns.com\/index.php\/wp-json\/wp\/v2\/pages\/171\/revisions"}],"predecessor-version":[{"id":1451,"href":"https:\/\/docteurkrns.com\/index.php\/wp-json\/wp\/v2\/pages\/171\/revisions\/1451"}],"up":[{"embeddable":true,"href":"https:\/\/docteurkrns.com\/index.php\/wp-json\/wp\/v2\/pages\/166"}],"wp:featuredmedia":[{"embeddable":true,"href":"https:\/\/docteurkrns.com\/index.php\/wp-json\/wp\/v2\/media\/177"}],"wp:attachment":[{"href":"https:\/\/docteurkrns.com\/index.php\/wp-json\/wp\/v2\/media?parent=171"}],"curies":[{"name":"wp","href":"https:\/\/api.w.org\/{rel}","templated":true}]}}