{"id":188,"date":"2014-02-18T13:54:08","date_gmt":"2014-02-18T13:54:08","guid":{"rendered":"http:\/\/docteurkrns.com\/?page_id=188"},"modified":"2020-09-11T12:30:15","modified_gmt":"2020-09-11T10:30:15","slug":"nettoyer-ses-vinyles-version-rapide-et-facile","status":"publish","type":"page","link":"https:\/\/docteurkrns.com\/index.php\/tutoriels\/nettoyer-ses-vinyles-version-rapide-et-facile\/","title":{"rendered":"Nettoyer ses vinyles (version rapide et facile)"},"content":{"rendered":"<p>Ce tuto est fortement recommand\u00e9 aux utilisateurs de vinyles timecod\u00e9s pour Serato, Traktor ou autre.<\/p>\n<p>Pour r\u00e9aliser cette op\u00e9ration correctement, veillez \u00e0 ne pas nettoyer les faces simultan\u00e9ment, mais bien l&rsquo;une apr\u00e8s l&rsquo;autre.<\/p>\n<p>Pour commencer, munissez-vous d&rsquo;une serviette propre, d&rsquo;un chiffon propre ainsi que d&rsquo;un pulv\u00e9risateur et d&rsquo;un pinceau relativement souple pour ne pas abimer le vinyle. Gardez \u00e0 port\u00e9e de main un rouleau de sopalin au cas o\u00f9 il y aurait un quelconque d\u00e9bordement !<\/p>\n<p><img loading=\"lazy\" class=\"alignnone  wp-image-190\" src=\"https:\/\/docteurkrns.com\/wp-content\/uploads\/2014\/02\/1-225x300.jpg\" alt=\"\" width=\"357\" height=\"472\" \/><\/p>\n<p>Dans un premier temps pulv\u00e9risez sur le vinyle un m\u00e9lange compos\u00e9 d&rsquo;eau du robinet et de quelques goutes de liquide vaisselle. Lors de la pulv\u00e9risation, essayez d&rsquo;\u00e9viter le macaron centrale car celui-ci une fois imbib\u00e9 risque de se d\u00e9sagr\u00e9ger lors de l&rsquo;essuyage.<\/p>\n<p><img loading=\"lazy\" class=\"alignnone  wp-image-191\" src=\"https:\/\/docteurkrns.com\/wp-content\/uploads\/2014\/02\/2-300x225.jpg\" alt=\"\" width=\"578\" height=\"440\" \/><\/p>\n<p>Une fois ce m\u00e9lange appliqu\u00e9, \u00e0 l&rsquo;aide du pinceau frottez le disque de mani\u00e8re circulaire afin de suivre les sillons. N&rsquo;h\u00e9sitez pas \u00e0 faire plusieurs tours pour d\u00e9coller un maximum d&rsquo;impuret\u00e9s.<\/p>\n<p><img loading=\"lazy\" class=\"alignnone  wp-image-192\" src=\"https:\/\/docteurkrns.com\/wp-content\/uploads\/2014\/02\/3-300x225.jpg\" alt=\"\" width=\"575\" height=\"438\" \/><\/p>\n<p>Une l\u00e9g\u00e8re mousse, souvent gris\u00e2tre, doit normalement se former.<\/p>\n<p><img loading=\"lazy\" class=\"alignnone  wp-image-193\" src=\"https:\/\/docteurkrns.com\/wp-content\/uploads\/2014\/02\/4-300x225.jpg\" alt=\"\" width=\"579\" height=\"441\" \/><\/p>\n<p>Vous pouvez ensuite rincer le disque \u00e0 l&rsquo;eau claire (pr\u00e9f\u00e9rez une eau d\u00e9min\u00e9ralis\u00e9e \u00e0 une eau contenant trop de calcaire), le d\u00e9bit doit \u00eatre mod\u00e9r\u00e9 afin d&rsquo;\u00e9viter \u00e0 nouveau le macaron. Le disque d\u00e9sormais rinc\u00e9, posez la partie humide sur la serviette afin d&rsquo;absorber toute l&rsquo;eau en surface, puis retournez le disque et essuyez-le \u00e0 l&rsquo;aide du chiffon propre. De la m\u00eame mani\u00e8re que le pinceau, suivez les sillons du vinyle pour un s\u00e9chage optimal.<\/p>\n<p><img loading=\"lazy\" class=\"alignnone  wp-image-194\" src=\"https:\/\/docteurkrns.com\/wp-content\/uploads\/2014\/02\/5-300x225.jpg\" alt=\"\" width=\"580\" height=\"438\" \/><\/p>\n<p>Il ne vous reste plus qu&rsquo;\u00e0 recommencer sur la seconde face et votre vinyle sera presque comme neuf.<\/p>\n<p><img loading=\"lazy\" class=\"alignnone  wp-image-195\" src=\"https:\/\/docteurkrns.com\/wp-content\/uploads\/2014\/02\/6-300x225.jpg\" alt=\"\" width=\"568\" height=\"433\" \/><\/p>\n<p>Cette solution est la plus simple pour nettoyer correctement un vinyle. Il existe d&rsquo;autres mani\u00e8res de le faire, avec des produits plus sp\u00e9cifiques, la solution ultime \u00e9tant celle de la colle \u00e0 bois !<\/p>\n<p>Vous pourrez trouver toutes sortes de tutoriels, sur youtube notamment, en saisissant dans la barre de recherche les mots cl\u00e9s \u00ab\u00a0nettoyer vinyle\u00a0\u00bb ou \u00ab\u00a0clean records\u00a0\u00bb.<\/p>\n<p>A noter aussi qu&rsquo;il est important de ne pas entreposer ses vinyles avec la pochette ouverte vers le haut. Cela \u00e9vitera \u00e0 la poussi\u00e8re de tomber \u00e0 l&rsquo;int\u00e9rieur et de se glisser entre les sillons.<\/p>\n<p>Pour finir, n&rsquo;oubliez pas de brosser l\u00e9g\u00e8rement et r\u00e9guli\u00e8rement votre diamant pour une meilleur lecture.<\/p>\n<p>Et maintenant, au boulot !<\/p>\n","protected":false},"excerpt":{"rendered":"<p>Ce tuto est fortement recommand\u00e9 aux utilisateurs de vinyles timecod\u00e9s pour Serato, Traktor ou autre. Pour r\u00e9aliser cette op\u00e9ration correctement, veillez \u00e0 ne pas nettoyer les faces simultan\u00e9ment, mais bien l&rsquo;une apr\u00e8s l&rsquo;autre. Pour commencer, munissez-vous d&rsquo;une serviette propre, d&rsquo;un &hellip; <a href=\"https:\/\/docteurkrns.com\/index.php\/tutoriels\/nettoyer-ses-vinyles-version-rapide-et-facile\/\">Continuer la lecture <span class=\"meta-nav\">&rarr;<\/span><\/a><\/p>\n","protected":false},"author":2,"featured_media":1446,"parent":166,"menu_order":0,"comment_status":"closed","ping_status":"open","template":"","meta":{"spay_email":""},"jetpack_sharing_enabled":true,"jetpack_shortlink":"https:\/\/wp.me\/Pa1UeJ-32","_links":{"self":[{"href":"https:\/\/docteurkrns.com\/index.php\/wp-json\/wp\/v2\/pages\/188"}],"collection":[{"href":"https:\/\/docteurkrns.com\/index.php\/wp-json\/wp\/v2\/pages"}],"about":[{"href":"https:\/\/docteurkrns.com\/index.php\/wp-json\/wp\/v2\/types\/page"}],"author":[{"embeddable":true,"href":"https:\/\/docteurkrns.com\/index.php\/wp-json\/wp\/v2\/users\/2"}],"replies":[{"embeddable":true,"href":"https:\/\/docteurkrns.com\/index.php\/wp-json\/wp\/v2\/comments?post=188"}],"version-history":[{"count":3,"href":"https:\/\/docteurkrns.com\/index.php\/wp-json\/wp\/v2\/pages\/188\/revisions"}],"predecessor-version":[{"id":1456,"href":"https:\/\/docteurkrns.com\/index.php\/wp-json\/wp\/v2\/pages\/188\/revisions\/1456"}],"up":[{"embeddable":true,"href":"https:\/\/docteurkrns.com\/index.php\/wp-json\/wp\/v2\/pages\/166"}],"wp:featuredmedia":[{"embeddable":true,"href":"https:\/\/docteurkrns.com\/index.php\/wp-json\/wp\/v2\/media\/1446"}],"wp:attachment":[{"href":"https:\/\/docteurkrns.com\/index.php\/wp-json\/wp\/v2\/media?parent=188"}],"curies":[{"name":"wp","href":"https:\/\/api.w.org\/{rel}","templated":true}]}}