{"id":213,"date":"2014-02-18T23:15:06","date_gmt":"2014-02-18T23:15:06","guid":{"rendered":"http:\/\/docteurkrns.com\/?page_id=213"},"modified":"2022-08-18T12:04:03","modified_gmt":"2022-08-18T10:04:03","slug":"forfait-85e-ttc-par-platine","status":"publish","type":"page","link":"https:\/\/docteurkrns.com\/index.php\/platines-vinyles\/tarifstechnics\/forfait-85e-ttc-par-platine\/","title":{"rendered":"Forfait 95\u20ac ttc par platine"},"content":{"rendered":"<p>Pour Technics SL1200 &amp; 1210 MK2, MK3, M3D, MK4, MK5, M5G, MK6, LTD &amp; GLD<\/p>\n<p>Ce forfait de <span style=\"color: #ff0000;\">95\u20ac<\/span> ttc comprend :<\/p>\n<p>\u2192 Changement du c\u00e2ble RCA d\u2019origine par un c\u00e2ble RCA blind\u00e9 avec connectiques RCA dor\u00e9es + selfground (suppression de la masse externe).<\/p>\n<p>\u2192 Nettoyage et r\u00e9glage complet de la platine, comprenant le graissage des axes de rotation et resserage de toutes les vis.<\/p>\n<p>\u2192 pitch nettoy\u00e9, diagnostiqu\u00e9 et recalibr\u00e9.<\/p>\n<p>\u2192 D\u00e9capage des connectiques du bras de lecture.<\/p>\n<p>\u2192 D\u00e9capage et nettoyage du plateau.<\/p>\n<p>\u2192 Remise en \u00e9tat d\u2019origine.<\/p>\n<p>IMPORTANT :<br \/>\nLe docteur R\u00c9PARE avant de CHANGER vos pi\u00e8ces d\u00e9fectueuses, dans la mesure du possible.<\/p>\n<p><span style=\"color: #ff0000;\">Le tarif pour toutes interventions n\u00e9cessaires au niveau du bras de lecture sera \u00e9valu\u00e9 lors du d\u00e9p\u00f4t.<\/span><\/p>\n<p><span style=\"color: #ff0000;\">Si le changement du bras de lecture est obligatoire alors le prix sera \u00e9valu\u00e9 suivant la c\u00f4te du prix des bras sur le march\u00e9 international, les pi\u00e8ces neuves se faisant de plus en plus rares&#8230;<\/span><\/p>\n<p style=\"text-align: center;\">\n<p><a href=\"https:\/\/docteurkrns.com\/contact\/\">Pour plus d\u2019informations, n\u2019h\u00e9sitez pas \u00e0 me contacter.<\/a><\/p>\n<p><img loading=\"lazy\" class=\"alignnone  wp-image-53\" src=\"http:\/\/docteurkrns.com\/wp-content\/uploads\/2013\/11\/sans-titre-3-300x217.jpg\" alt=\"\" width=\"533\" height=\"391\" \/><img loading=\"lazy\" class=\"alignnone  wp-image-302\" src=\"http:\/\/docteurkrns.com\/wp-content\/uploads\/2014\/04\/sans-titre-41-300x150.jpg\" alt=\"\" width=\"535\" height=\"278\" \/><\/p>\n<p><img loading=\"lazy\" class=\"alignnone  wp-image-303\" src=\"http:\/\/docteurkrns.com\/wp-content\/uploads\/2014\/04\/sans-titre-42-300x113.jpg\" alt=\"\" width=\"534\" height=\"214\" \/><\/p>\n<p><img loading=\"lazy\" class=\"alignnone  wp-image-687\" src=\"http:\/\/docteurkrns.com\/wp-content\/uploads\/2015\/03\/avap-conn-300x192.jpg\" alt=\"\" width=\"535\" height=\"350\" \/><\/p>\n<p><img loading=\"lazy\" class=\"alignnone  wp-image-691\" src=\"http:\/\/docteurkrns.com\/wp-content\/uploads\/2015\/03\/avap8-300x113.jpg\" alt=\"\" width=\"534\" height=\"214\" \/><\/p>\n<p><img loading=\"lazy\" class=\"alignnone  wp-image-225\" src=\"http:\/\/docteurkrns.com\/wp-content\/uploads\/2014\/02\/mk2-rebirth-300x225.jpg\" alt=\"\" width=\"534\" height=\"406\" \/><\/p>\n","protected":false},"excerpt":{"rendered":"<p>Pour Technics SL1200 &amp; 1210 MK2, MK3, M3D, MK4, MK5, M5G, MK6, LTD &amp; GLD Ce forfait de 95\u20ac ttc comprend : \u2192 Changement du c\u00e2ble RCA d\u2019origine par un c\u00e2ble RCA blind\u00e9 avec connectiques RCA dor\u00e9es + selfground (suppression &hellip; <a href=\"https:\/\/docteurkrns.com\/index.php\/platines-vinyles\/tarifstechnics\/forfait-85e-ttc-par-platine\/\">Continuer la lecture <span class=\"meta-nav\">&rarr;<\/span><\/a><\/p>\n","protected":false},"author":2,"featured_media":691,"parent":5,"menu_order":0,"comment_status":"closed","ping_status":"open","template":"","meta":{"spay_email":""},"jetpack_sharing_enabled":true,"jetpack_shortlink":"https:\/\/wp.me\/Pa1UeJ-3r","_links":{"self":[{"href":"https:\/\/docteurkrns.com\/index.php\/wp-json\/wp\/v2\/pages\/213"}],"collection":[{"href":"https:\/\/docteurkrns.com\/index.php\/wp-json\/wp\/v2\/pages"}],"about":[{"href":"https:\/\/docteurkrns.com\/index.php\/wp-json\/wp\/v2\/types\/page"}],"author":[{"embeddable":true,"href":"https:\/\/docteurkrns.com\/index.php\/wp-json\/wp\/v2\/users\/2"}],"replies":[{"embeddable":true,"href":"https:\/\/docteurkrns.com\/index.php\/wp-json\/wp\/v2\/comments?post=213"}],"version-history":[{"count":2,"href":"https:\/\/docteurkrns.com\/index.php\/wp-json\/wp\/v2\/pages\/213\/revisions"}],"predecessor-version":[{"id":1500,"href":"https:\/\/docteurkrns.com\/index.php\/wp-json\/wp\/v2\/pages\/213\/revisions\/1500"}],"up":[{"embeddable":true,"href":"https:\/\/docteurkrns.com\/index.php\/wp-json\/wp\/v2\/pages\/5"}],"wp:featuredmedia":[{"embeddable":true,"href":"https:\/\/docteurkrns.com\/index.php\/wp-json\/wp\/v2\/media\/691"}],"wp:attachment":[{"href":"https:\/\/docteurkrns.com\/index.php\/wp-json\/wp\/v2\/media?parent=213"}],"curies":[{"name":"wp","href":"https:\/\/api.w.org\/{rel}","templated":true}]}}