{"id":215,"date":"2014-02-18T23:47:48","date_gmt":"2014-02-18T23:47:48","guid":{"rendered":"http:\/\/docteurkrns.com\/?page_id=215"},"modified":"2022-08-18T12:06:11","modified_gmt":"2022-08-18T10:06:11","slug":"forfait-135e-ttc-par-platine","status":"publish","type":"page","link":"https:\/\/docteurkrns.com\/index.php\/platines-vinyles\/tarifstechnics\/forfait-135e-ttc-par-platine\/","title":{"rendered":"Forfait 150\u20ac ttc par platine"},"content":{"rendered":"<p style=\"text-align: left;\">SI VOS PLATINES NE SORTENT PAS DE CHEZ VOUS, ALORS CETTE FORMULE NE VOUS SERT A RIEN.<br \/>\nREVENEZ SUR LE FORFAIT 95\u20ac<\/p>\n<p>Pour Technics SL1200 &amp; 1210 MK2, MK3, M3D, MK4, MK5, M5G, MK6, LTD &amp; GLD<\/p>\n<p><span style=\"color: #ff0000;\">En plus du forfait de base de 95\u20ac<\/span> (<a href=\"https:\/\/wp.me\/Pa1UeJ-3r\" target=\"_blank\" rel=\"noopener\">cliquez ici pour plus de d\u00e9tails<\/a>), ce forfait comprend :<\/p>\n<p>\u2192 Modification compl\u00e8te des sorties RCA par des ch\u00e2ssis RCA dor\u00e9s.<\/p>\n<p>\u2192 Modification du c\u00e2ble d\u2019alimentation par un ch\u00e2ssis d\u2019alimentation Schuko.<\/p>\n<p>\u2192 Un cordon RCA haut de gamme sur mesure fourni.<\/p>\n<p>\u2192 Un c\u00e2ble d&rsquo;alimentation fourni.<\/p>\n<p>\u2192\u00a0 Nettoyage et r\u00e9glage complet de la platine, pitch nettoy\u00e9 et diagnostiqu\u00e9.<\/p>\n<p>\u2192 Remise en \u00e9tat d\u2019origine.<\/p>\n<p>Gr\u00e2ce \u00e0 cette modification unique vous pourrez retirer les c\u00e2bles de la platine pour les transporter plus facilement et ainsi vous \u00e9pargner de mauvaises surprises.<\/p>\n<p style=\"text-align: left;\">IMPORTANT :<br \/>\nLe docteur R\u00c9PARE avant de CHANGER vos pi\u00e8ces d\u00e9fectueuses, dans la mesure du possible.<\/p>\n<p><span style=\"color: #ff0000;\">Le tarif pour toutes interventions n\u00e9cessaires au niveau du bras de lecture sera \u00e9valu\u00e9 lors du d\u00e9p\u00f4t.<\/span><\/p>\n<p><span style=\"color: #ff0000;\">Si le changement du bras de lecture est obligatoire alors le prix sera \u00e9valu\u00e9 suivant la c\u00f4te du prix des bras sur le march\u00e9 international, les pi\u00e8ces neuves se faisant de plus en plus rares&#8230;<\/span><\/p>\n<p style=\"text-align: center;\">\n<p><a href=\"https:\/\/docteurkrns.com\/contact\/\">Pour plus d\u2019informations, n\u2019h\u00e9sitez pas \u00e0 me contacter.<\/a><\/p>\n<p><img loading=\"lazy\" class=\"alignnone  wp-image-220\" src=\"http:\/\/docteurkrns.com\/wp-content\/uploads\/2014\/02\/sans-titre-4-300x193.jpg\" alt=\"\" width=\"537\" height=\"353\" \/><\/p>\n<p><img loading=\"lazy\" class=\"alignnone  wp-image-216\" src=\"http:\/\/docteurkrns.com\/wp-content\/uploads\/2014\/02\/p2180608-300x225.jpg\" alt=\"\" width=\"540\" height=\"410\" \/><\/p>\n<p><img loading=\"lazy\" class=\"alignnone  wp-image-218\" src=\"http:\/\/docteurkrns.com\/wp-content\/uploads\/2014\/02\/sans-titre-2-300x201.jpg\" alt=\"\" width=\"542\" height=\"370\" \/><\/p>\n<p><img loading=\"lazy\" class=\"alignnone  wp-image-217\" src=\"http:\/\/docteurkrns.com\/wp-content\/uploads\/2014\/02\/sans-titre-1-300x216.jpg\" alt=\"\" width=\"543\" height=\"397\" \/><\/p>\n<p><img loading=\"lazy\" class=\"alignnone  wp-image-219\" src=\"http:\/\/docteurkrns.com\/wp-content\/uploads\/2014\/02\/sans-titre-3-265x300.jpg\" alt=\"\" width=\"548\" height=\"619\" srcset=\"https:\/\/docteurkrns.com\/wp-content\/uploads\/2014\/02\/sans-titre-3-265x300.jpg 265w, https:\/\/docteurkrns.com\/wp-content\/uploads\/2014\/02\/sans-titre-3-768x869.jpg 768w, https:\/\/docteurkrns.com\/wp-content\/uploads\/2014\/02\/sans-titre-3-905x1024.jpg 905w\" sizes=\"(max-width: 548px) 100vw, 548px\" \/><\/p>\n","protected":false},"excerpt":{"rendered":"<p>SI VOS PLATINES NE SORTENT PAS DE CHEZ VOUS, ALORS CETTE FORMULE NE VOUS SERT A RIEN. REVENEZ SUR LE FORFAIT 95\u20ac Pour Technics SL1200 &amp; 1210 MK2, MK3, M3D, MK4, MK5, M5G, MK6, LTD &amp; GLD En plus du &hellip; <a href=\"https:\/\/docteurkrns.com\/index.php\/platines-vinyles\/tarifstechnics\/forfait-135e-ttc-par-platine\/\">Continuer la lecture <span class=\"meta-nav\">&rarr;<\/span><\/a><\/p>\n","protected":false},"author":2,"featured_media":220,"parent":5,"menu_order":0,"comment_status":"closed","ping_status":"open","template":"","meta":{"spay_email":""},"jetpack_sharing_enabled":true,"jetpack_shortlink":"https:\/\/wp.me\/Pa1UeJ-3t","_links":{"self":[{"href":"https:\/\/docteurkrns.com\/index.php\/wp-json\/wp\/v2\/pages\/215"}],"collection":[{"href":"https:\/\/docteurkrns.com\/index.php\/wp-json\/wp\/v2\/pages"}],"about":[{"href":"https:\/\/docteurkrns.com\/index.php\/wp-json\/wp\/v2\/types\/page"}],"author":[{"embeddable":true,"href":"https:\/\/docteurkrns.com\/index.php\/wp-json\/wp\/v2\/users\/2"}],"replies":[{"embeddable":true,"href":"https:\/\/docteurkrns.com\/index.php\/wp-json\/wp\/v2\/comments?post=215"}],"version-history":[{"count":5,"href":"https:\/\/docteurkrns.com\/index.php\/wp-json\/wp\/v2\/pages\/215\/revisions"}],"predecessor-version":[{"id":1502,"href":"https:\/\/docteurkrns.com\/index.php\/wp-json\/wp\/v2\/pages\/215\/revisions\/1502"}],"up":[{"embeddable":true,"href":"https:\/\/docteurkrns.com\/index.php\/wp-json\/wp\/v2\/pages\/5"}],"wp:featuredmedia":[{"embeddable":true,"href":"https:\/\/docteurkrns.com\/index.php\/wp-json\/wp\/v2\/media\/220"}],"wp:attachment":[{"href":"https:\/\/docteurkrns.com\/index.php\/wp-json\/wp\/v2\/media?parent=215"}],"curies":[{"name":"wp","href":"https:\/\/api.w.org\/{rel}","templated":true}]}}