{"id":233,"date":"2014-02-19T11:07:40","date_gmt":"2014-02-19T11:07:40","guid":{"rendered":"http:\/\/docteurkrns.com\/?page_id=233"},"modified":"2018-07-12T17:07:21","modified_gmt":"2018-07-12T15:07:21","slug":"modification-bras-droit-sur-technics-mk-series","status":"publish","type":"page","link":"https:\/\/docteurkrns.com\/index.php\/platines-vinyles\/tarifstechnics\/modification-bras-droit-sur-technics-mk-series\/","title":{"rendered":"Modification bras droit sur Technics MK s\u00e9ries"},"content":{"rendered":"<p>Changement du bras en S par un bras droit en aluminium. Prix par platine 90\u20ac ttc<\/p>\n<p><img loading=\"lazy\" class=\"alignnone  wp-image-234\" src=\"http:\/\/docteurkrns.com\/wp-content\/uploads\/2014\/02\/p20304851-300x225.jpg\" alt=\"\" width=\"498\" height=\"378\" \/><\/p>\n<p>Cette modification est un atout majeur pour les turntablists car sa tenue dans le sillon est deux fois plus \u00e9lev\u00e9e \u00e0 celui d&rsquo;un bras en S.<\/p>\n<p><img loading=\"lazy\" class=\"alignnone  wp-image-236\" src=\"http:\/\/docteurkrns.com\/wp-content\/uploads\/2014\/02\/p2030487-300x225.jpg\" alt=\"\" width=\"499\" height=\"379\" \/><\/p>\n<p>Son poids total est sup\u00e9rieur de 3g par rapport \u00e0 un bras en S, offrant une plage de r\u00e9glage plus importante du contre-poids.<\/p>\n<p><img loading=\"lazy\" class=\"alignnone  wp-image-235\" src=\"http:\/\/docteurkrns.com\/wp-content\/uploads\/2014\/02\/p2030486-300x225.jpg\" alt=\"\" width=\"502\" height=\"381\" \/><\/p>\n<p>Vous ne serez plus oblig\u00e9 de positionner le contre-poids au maximum sans savoir \u00e0 combien de grammes votre cellule \u00e9crase le sillon.<\/p>\n<p><img loading=\"lazy\" class=\"alignnone  wp-image-238\" src=\"http:\/\/docteurkrns.com\/wp-content\/uploads\/2014\/02\/sans-titre-11-300x219.jpg\" alt=\"\" width=\"508\" height=\"375\" \/><\/p>\n<p>Important : L&rsquo;utilisation d&rsquo;une cellule type \u00ab\u00a0concorde\u00a0\u00bb ou \u00ab\u00a0banane\u00a0\u00bb est fortement d\u00e9conseill\u00e9e.<\/p>\n<p><img loading=\"lazy\" class=\"alignnone  wp-image-237\" src=\"http:\/\/docteurkrns.com\/wp-content\/uploads\/2014\/02\/p2030490-300x225.jpg\" alt=\"\" width=\"509\" height=\"387\" \/><\/p>\n<p>&nbsp;<\/p>\n<p><a href=\"https:\/\/wp.me\/Pa1UeJ-1l\">Pour plus d\u2019informations, n\u2019h\u00e9sitez pas \u00e0 me contacter.<\/a><\/p>\n<p>&nbsp;<\/p>\n<p>&nbsp;<\/p>\n","protected":false},"excerpt":{"rendered":"<p>Changement du bras en S par un bras droit en aluminium. Prix par platine 90\u20ac ttc Cette modification est un atout majeur pour les turntablists car sa tenue dans le sillon est deux fois plus \u00e9lev\u00e9e \u00e0 celui d&rsquo;un bras &hellip; <a href=\"https:\/\/docteurkrns.com\/index.php\/platines-vinyles\/tarifstechnics\/modification-bras-droit-sur-technics-mk-series\/\">Continuer la lecture <span class=\"meta-nav\">&rarr;<\/span><\/a><\/p>\n","protected":false},"author":2,"featured_media":238,"parent":5,"menu_order":0,"comment_status":"closed","ping_status":"open","template":"","meta":{"spay_email":""},"jetpack_sharing_enabled":true,"jetpack_shortlink":"https:\/\/wp.me\/Pa1UeJ-3L","_links":{"self":[{"href":"https:\/\/docteurkrns.com\/index.php\/wp-json\/wp\/v2\/pages\/233"}],"collection":[{"href":"https:\/\/docteurkrns.com\/index.php\/wp-json\/wp\/v2\/pages"}],"about":[{"href":"https:\/\/docteurkrns.com\/index.php\/wp-json\/wp\/v2\/types\/page"}],"author":[{"embeddable":true,"href":"https:\/\/docteurkrns.com\/index.php\/wp-json\/wp\/v2\/users\/2"}],"replies":[{"embeddable":true,"href":"https:\/\/docteurkrns.com\/index.php\/wp-json\/wp\/v2\/comments?post=233"}],"version-history":[{"count":1,"href":"https:\/\/docteurkrns.com\/index.php\/wp-json\/wp\/v2\/pages\/233\/revisions"}],"predecessor-version":[{"id":1291,"href":"https:\/\/docteurkrns.com\/index.php\/wp-json\/wp\/v2\/pages\/233\/revisions\/1291"}],"up":[{"embeddable":true,"href":"https:\/\/docteurkrns.com\/index.php\/wp-json\/wp\/v2\/pages\/5"}],"wp:featuredmedia":[{"embeddable":true,"href":"https:\/\/docteurkrns.com\/index.php\/wp-json\/wp\/v2\/media\/238"}],"wp:attachment":[{"href":"https:\/\/docteurkrns.com\/index.php\/wp-json\/wp\/v2\/media?parent=233"}],"curies":[{"name":"wp","href":"https:\/\/api.w.org\/{rel}","templated":true}]}}