{"id":401,"date":"2015-02-23T17:15:46","date_gmt":"2015-02-23T17:15:46","guid":{"rendered":"http:\/\/docteurkrns.com\/?page_id=401"},"modified":"2020-09-10T18:13:37","modified_gmt":"2020-09-10T16:13:37","slug":"urgences","status":"publish","type":"page","link":"https:\/\/docteurkrns.com\/index.php\/urgences\/","title":{"rendered":"Urgences"},"content":{"rendered":"<p>Pour que mon travail soit bien r\u00e9alis\u00e9 et mon planning bien organis\u00e9, il faut compter actuellement 10 jours ouvr\u00e9s minimum de d\u00e9lai entre la d\u00e9pose du mat\u00e9riel et son retrait.<\/p>\n<p>Si toutefois vous souhaitez que votre ou vos appareils soient trait\u00e9s en \u00ab\u00a0urgence\u00a0\u00bb, c&rsquo;est \u00e0 dire en moins de 4 jours ouvr\u00e9s, le tarif de base annonc\u00e9 sera alors multipli\u00e9 par 2.<\/p>\n<p>Merci de votre compr\u00e9hension.<\/p>\n","protected":false},"excerpt":{"rendered":"<p>Pour que mon travail soit bien r\u00e9alis\u00e9 et mon planning bien organis\u00e9, il faut compter actuellement 10 jours ouvr\u00e9s minimum de d\u00e9lai entre la d\u00e9pose du mat\u00e9riel et son retrait. Si toutefois vous souhaitez que votre ou vos appareils soient &hellip; <a href=\"https:\/\/docteurkrns.com\/index.php\/urgences\/\">Continuer la lecture <span class=\"meta-nav\">&rarr;<\/span><\/a><\/p>\n","protected":false},"author":2,"featured_media":620,"parent":0,"menu_order":0,"comment_status":"closed","ping_status":"closed","template":"","meta":{"spay_email":""},"jetpack_sharing_enabled":false,"jetpack_shortlink":"https:\/\/wp.me\/Pa1UeJ-6t","_links":{"self":[{"href":"https:\/\/docteurkrns.com\/index.php\/wp-json\/wp\/v2\/pages\/401"}],"collection":[{"href":"https:\/\/docteurkrns.com\/index.php\/wp-json\/wp\/v2\/pages"}],"about":[{"href":"https:\/\/docteurkrns.com\/index.php\/wp-json\/wp\/v2\/types\/page"}],"author":[{"embeddable":true,"href":"https:\/\/docteurkrns.com\/index.php\/wp-json\/wp\/v2\/users\/2"}],"replies":[{"embeddable":true,"href":"https:\/\/docteurkrns.com\/index.php\/wp-json\/wp\/v2\/comments?post=401"}],"version-history":[{"count":3,"href":"https:\/\/docteurkrns.com\/index.php\/wp-json\/wp\/v2\/pages\/401\/revisions"}],"predecessor-version":[{"id":1378,"href":"https:\/\/docteurkrns.com\/index.php\/wp-json\/wp\/v2\/pages\/401\/revisions\/1378"}],"wp:featuredmedia":[{"embeddable":true,"href":"https:\/\/docteurkrns.com\/index.php\/wp-json\/wp\/v2\/media\/620"}],"wp:attachment":[{"href":"https:\/\/docteurkrns.com\/index.php\/wp-json\/wp\/v2\/media?parent=401"}],"curies":[{"name":"wp","href":"https:\/\/api.w.org\/{rel}","templated":true}]}}