{"id":406,"date":"2015-02-23T17:34:24","date_gmt":"2015-02-23T17:34:24","guid":{"rendered":"http:\/\/docteurkrns.com\/?page_id=406"},"modified":"2022-08-29T13:39:41","modified_gmt":"2022-08-29T11:39:41","slug":"vestax-pdx-series-et-qfo","status":"publish","type":"page","link":"https:\/\/docteurkrns.com\/index.php\/platines-vinyles\/vestax-pdx-series-et-qfo\/","title":{"rendered":"Vestax PDX s\u00e9ries et QFO"},"content":{"rendered":"<p>&#8211; <a href=\"https:\/\/docteurkrns.com\/index.php\/platines-vinyles\/vestax-pdx-series-et-qfo\/vestax-pdx-series\/\">R\u00e9parations et entretiens sur Vestax PDX s\u00e9ries<\/a><br \/>\n<a href=\"https:\/\/docteurkrns.com\/index.php\/platines-vinyles\/vestax-pdx-series-et-qfo\/vestax-pdx-series\/\"><img loading=\"lazy\" class=\"alignnone size-medium wp-image-430\" src=\"http:\/\/docteurkrns.com\/wp-content\/uploads\/2015\/02\/pdx1-300x225.jpg\" alt=\"\" width=\"300\" height=\"225\" srcset=\"https:\/\/docteurkrns.com\/wp-content\/uploads\/2015\/02\/pdx1-300x225.jpg 300w, https:\/\/docteurkrns.com\/wp-content\/uploads\/2015\/02\/pdx1-768x576.jpg 768w, https:\/\/docteurkrns.com\/wp-content\/uploads\/2015\/02\/pdx1-1024x768.jpg 1024w\" sizes=\"(max-width: 300px) 100vw, 300px\" \/><\/a><\/p>\n<p>&#8211; <a href=\"https:\/\/docteurkrns.com\/index.php\/platines-vinyles\/vestax-pdx-series-et-qfo\/vestax-qfo-qfo-le\/\">R\u00e9parations et entretiens sur QFO &amp; QFO LE<\/a><br \/>\n<a href=\"https:\/\/docteurkrns.com\/index.php\/platines-vinyles\/vestax-pdx-series-et-qfo\/vestax-qfo-qfo-le\/\"><img loading=\"lazy\" class=\"alignnone size-medium wp-image-737\" src=\"http:\/\/docteurkrns.com\/wp-content\/uploads\/2015\/08\/qfo-main-1-198f3ecb8b8230ee676211a0cc055bfd-300x274.jpg\" alt=\"\" width=\"300\" height=\"274\" srcset=\"https:\/\/docteurkrns.com\/wp-content\/uploads\/2015\/08\/qfo-main-1-198f3ecb8b8230ee676211a0cc055bfd-300x274.jpg 300w, https:\/\/docteurkrns.com\/wp-content\/uploads\/2015\/08\/qfo-main-1-198f3ecb8b8230ee676211a0cc055bfd-768x702.jpg 768w, https:\/\/docteurkrns.com\/wp-content\/uploads\/2015\/08\/qfo-main-1-198f3ecb8b8230ee676211a0cc055bfd-1024x936.jpg 1024w, https:\/\/docteurkrns.com\/wp-content\/uploads\/2015\/08\/qfo-main-1-198f3ecb8b8230ee676211a0cc055bfd.jpg 1566w\" sizes=\"(max-width: 300px) 100vw, 300px\" \/><\/a><\/p>\n<p>&#8211; <a href=\"https:\/\/docteurkrns.com\/index.php\/platines-vinyles\/vestax-pdx-series-et-qfo\/vestax-controller-one\/\">R\u00e9parations et entretiens sur Controller One<\/a><br \/>\n<a href=\"https:\/\/docteurkrns.com\/index.php\/platines-vinyles\/vestax-pdx-series-et-qfo\/vestax-controller-one\/\"><img loading=\"lazy\" class=\"alignnone size-medium wp-image-720\" src=\"http:\/\/docteurkrns.com\/wp-content\/uploads\/2015\/08\/vestax-controller-1-front-300x200.jpg\" alt=\"\" width=\"300\" height=\"200\" srcset=\"https:\/\/docteurkrns.com\/wp-content\/uploads\/2015\/08\/vestax-controller-1-front-300x200.jpg 300w, https:\/\/docteurkrns.com\/wp-content\/uploads\/2015\/08\/vestax-controller-1-front-768x512.jpg 768w, https:\/\/docteurkrns.com\/wp-content\/uploads\/2015\/08\/vestax-controller-1-front.jpg 900w\" sizes=\"(max-width: 300px) 100vw, 300px\" \/><\/a><\/p>\n","protected":false},"excerpt":{"rendered":"<p>&#8211; R\u00e9parations et entretiens sur Vestax PDX s\u00e9ries &#8211; R\u00e9parations et entretiens sur QFO &amp; QFO LE &#8211; R\u00e9parations et entretiens sur Controller One<\/p>\n","protected":false},"author":2,"featured_media":0,"parent":353,"menu_order":0,"comment_status":"closed","ping_status":"closed","template":"","meta":{"spay_email":""},"jetpack_sharing_enabled":false,"jetpack_shortlink":"https:\/\/wp.me\/Pa1UeJ-6y","_links":{"self":[{"href":"https:\/\/docteurkrns.com\/index.php\/wp-json\/wp\/v2\/pages\/406"}],"collection":[{"href":"https:\/\/docteurkrns.com\/index.php\/wp-json\/wp\/v2\/pages"}],"about":[{"href":"https:\/\/docteurkrns.com\/index.php\/wp-json\/wp\/v2\/types\/page"}],"author":[{"embeddable":true,"href":"https:\/\/docteurkrns.com\/index.php\/wp-json\/wp\/v2\/users\/2"}],"replies":[{"embeddable":true,"href":"https:\/\/docteurkrns.com\/index.php\/wp-json\/wp\/v2\/comments?post=406"}],"version-history":[{"count":4,"href":"https:\/\/docteurkrns.com\/index.php\/wp-json\/wp\/v2\/pages\/406\/revisions"}],"predecessor-version":[{"id":1512,"href":"https:\/\/docteurkrns.com\/index.php\/wp-json\/wp\/v2\/pages\/406\/revisions\/1512"}],"up":[{"embeddable":true,"href":"https:\/\/docteurkrns.com\/index.php\/wp-json\/wp\/v2\/pages\/353"}],"wp:attachment":[{"href":"https:\/\/docteurkrns.com\/index.php\/wp-json\/wp\/v2\/media?parent=406"}],"curies":[{"name":"wp","href":"https:\/\/api.w.org\/{rel}","templated":true}]}}