{"id":431,"date":"2015-02-24T11:20:57","date_gmt":"2015-02-24T11:20:57","guid":{"rendered":"http:\/\/docteurkrns.com\/?page_id=431"},"modified":"2022-08-29T13:17:07","modified_gmt":"2022-08-29T11:17:07","slug":"vestax-pdx-series","status":"publish","type":"page","link":"https:\/\/docteurkrns.com\/index.php\/platines-vinyles\/vestax-pdx-series-et-qfo\/vestax-pdx-series\/","title":{"rendered":"Vestax PDX s\u00e9ries"},"content":{"rendered":"<p>\u2192 Forfait \u00ab\u00a0nettoyage &amp; r\u00e9glage\u00a0\u00bb sur Vestax PDX s\u00e9ries : <span style=\"color: #ff0000;\">70-80\u20ac<\/span> suivant le mod\u00e8le de platine.<\/p>\n<p>\u2192 C\u00e2ble RCA sur-mesure 1.20m \u00e0 2m max (c\u00e2ble blind\u00e9 &amp; RCA dor\u00e9e) : <span style=\"color: #ff0000;\">25-30\u20ac<\/span><\/p>\n<p>Ce forfait \u00ab\u00a0nettoyage &amp; r\u00e9glage\u00a0\u00bb sur platine Vestax PDX est valable pour les s\u00e9ries suivantes:<\/p>\n<p>&#8211; Vestax PDX-A1<br \/>\n&#8211; Vestax PDX-A1S<br \/>\n&#8211; Vestax PDX-A2<br \/>\n&#8211; Vestax PDX-2000<br \/>\n&#8211; Vestax PDX-2000 MKII pro<br \/>\n&#8211; Vestax PDX-2300<br \/>\n&#8211; Vestax PDX-3000<br \/>\n&#8211; Vestax PDX-3000 MKII<br \/>\n&#8211; Vestax PDX-3000 mix<\/p>\n<p><a href=\"http:\/\/krns\/wp-content\/uploads\/2015\/08\/47246_2.jpg\"><img loading=\"lazy\" class=\"alignnone size-medium wp-image-715\" src=\"http:\/\/krns\/wp-content\/uploads\/2015\/08\/47246_2.jpg?w=300\" alt=\"47246_2\" width=\"300\" height=\"155\" srcset=\"https:\/\/docteurkrns.com\/wp-content\/uploads\/2015\/08\/47246_2.jpg 780w, https:\/\/docteurkrns.com\/wp-content\/uploads\/2015\/08\/47246_2-300x155.jpg 300w, https:\/\/docteurkrns.com\/wp-content\/uploads\/2015\/08\/47246_2-768x396.jpg 768w\" sizes=\"(max-width: 300px) 100vw, 300px\" \/><\/a><\/p>\n<p>Toutes ces platines sont tr\u00e8s semblables de conception, c&rsquo;est pourquoi le tarif reste le m\u00eame pour le forfait de base d&rsquo;un entretien approfondi de la platine.<a href=\"http:\/\/krns\/wp-content\/uploads\/2015\/08\/pdx-a2.jpg\"><img loading=\"lazy\" class=\"alignnone size-medium wp-image-717\" src=\"http:\/\/krns\/wp-content\/uploads\/2015\/08\/pdx-a2.jpg?w=300\" alt=\"pdx a2\" width=\"300\" height=\"300\" srcset=\"https:\/\/docteurkrns.com\/wp-content\/uploads\/2015\/08\/pdx-a2.jpg 600w, https:\/\/docteurkrns.com\/wp-content\/uploads\/2015\/08\/pdx-a2-150x150.jpg 150w, https:\/\/docteurkrns.com\/wp-content\/uploads\/2015\/08\/pdx-a2-300x300.jpg 300w, https:\/\/docteurkrns.com\/wp-content\/uploads\/2015\/08\/pdx-a2-100x100.jpg 100w\" sizes=\"(max-width: 300px) 100vw, 300px\" \/><\/a><\/p>\n<p>La platine est enti\u00e8rement nettoy\u00e9e, les axes sont graiss\u00e9s, les vis ress\u00e9rr\u00e9es et la masse est supprim\u00e9e (selfground). Le pitch est nettoy\u00e9 et recalibr\u00e9 si besoin.<\/p>\n<p><a href=\"http:\/\/krns\/wp-content\/uploads\/2015\/08\/vestax-pdx-3000-mkii-406461.jpg\"><img loading=\"lazy\" class=\"alignnone size-medium wp-image-722\" src=\"http:\/\/krns\/wp-content\/uploads\/2015\/08\/vestax-pdx-3000-mkii-406461.jpg?w=300\" alt=\"vestax-pdx-3000-mkii-406461\" width=\"300\" height=\"208\" srcset=\"https:\/\/docteurkrns.com\/wp-content\/uploads\/2015\/08\/vestax-pdx-3000-mkii-406461.jpg 867w, https:\/\/docteurkrns.com\/wp-content\/uploads\/2015\/08\/vestax-pdx-3000-mkii-406461-300x208.jpg 300w, https:\/\/docteurkrns.com\/wp-content\/uploads\/2015\/08\/vestax-pdx-3000-mkii-406461-768x531.jpg 768w\" sizes=\"(max-width: 300px) 100vw, 300px\" \/><\/a><\/p>\n<p>Pour plus de d\u00e9tails sur le forfait ou toute autre question sur une \u00e9ventuelle r\u00e9paration n&rsquo;h\u00e9sitez pas \u00e0 me contacter par <a href=\"http:\/\/wp.me\/P47juh-1l\" target=\"_blank\" rel=\"noopener\">mail<\/a> ou <a href=\"http:\/\/wp.me\/P47juh-1l\" target=\"_blank\" rel=\"noopener\">t\u00e9l\u00e9phone<\/a>.<\/p>\n","protected":false},"excerpt":{"rendered":"<p>\u2192 Forfait \u00ab\u00a0nettoyage &amp; r\u00e9glage\u00a0\u00bb sur Vestax PDX s\u00e9ries : 70-80\u20ac suivant le mod\u00e8le de platine. \u2192 C\u00e2ble RCA sur-mesure 1.20m \u00e0 2m max (c\u00e2ble blind\u00e9 &amp; RCA dor\u00e9e) : 25-30\u20ac Ce forfait \u00ab\u00a0nettoyage &amp; r\u00e9glage\u00a0\u00bb sur platine Vestax PDX &hellip; <a href=\"https:\/\/docteurkrns.com\/index.php\/platines-vinyles\/vestax-pdx-series-et-qfo\/vestax-pdx-series\/\">Continuer la lecture <span class=\"meta-nav\">&rarr;<\/span><\/a><\/p>\n","protected":false},"author":2,"featured_media":0,"parent":406,"menu_order":0,"comment_status":"closed","ping_status":"open","template":"","meta":{"spay_email":""},"jetpack_sharing_enabled":true,"jetpack_shortlink":"https:\/\/wp.me\/Pa1UeJ-6X","_links":{"self":[{"href":"https:\/\/docteurkrns.com\/index.php\/wp-json\/wp\/v2\/pages\/431"}],"collection":[{"href":"https:\/\/docteurkrns.com\/index.php\/wp-json\/wp\/v2\/pages"}],"about":[{"href":"https:\/\/docteurkrns.com\/index.php\/wp-json\/wp\/v2\/types\/page"}],"author":[{"embeddable":true,"href":"https:\/\/docteurkrns.com\/index.php\/wp-json\/wp\/v2\/users\/2"}],"replies":[{"embeddable":true,"href":"https:\/\/docteurkrns.com\/index.php\/wp-json\/wp\/v2\/comments?post=431"}],"version-history":[{"count":3,"href":"https:\/\/docteurkrns.com\/index.php\/wp-json\/wp\/v2\/pages\/431\/revisions"}],"predecessor-version":[{"id":1508,"href":"https:\/\/docteurkrns.com\/index.php\/wp-json\/wp\/v2\/pages\/431\/revisions\/1508"}],"up":[{"embeddable":true,"href":"https:\/\/docteurkrns.com\/index.php\/wp-json\/wp\/v2\/pages\/406"}],"wp:attachment":[{"href":"https:\/\/docteurkrns.com\/index.php\/wp-json\/wp\/v2\/media?parent=431"}],"curies":[{"name":"wp","href":"https:\/\/api.w.org\/{rel}","templated":true}]}}