{"id":437,"date":"2015-02-24T11:53:47","date_gmt":"2015-02-24T11:53:47","guid":{"rendered":"http:\/\/docteurkrns.com\/?page_id=437"},"modified":"2018-07-12T17:07:21","modified_gmt":"2018-07-12T15:07:21","slug":"vestax-qfo-qfo-le","status":"publish","type":"page","link":"https:\/\/docteurkrns.com\/index.php\/platines-vinyles\/vestax-pdx-series-et-qfo\/vestax-qfo-qfo-le\/","title":{"rendered":"Vestax QFO &#038; QFO LE"},"content":{"rendered":"<p>\u2192 Forfait r\u00e9vision \/ nettoyage \/ reconditionnement des faders et du crossfader : <span style=\"color:#ff0000;\">100\u20ac<\/span><\/p>\n<p>\u2192 Montage de crossfaders Innofader PNP ou Penny &amp; Giles : <span style=\"color:#ff0000;\">20\u20ac + prix du crossfader<\/span><\/p>\n<p>\u2192 Pose d&rsquo;une sortie PHONO qur QFO uniquemement + c\u00e2ble RCA sur mesure : <span style=\"color:#ff0000;\">50\u20ac<\/span><br \/>\n<span style=\"color:#ff0000;\">Vid\u00e9o en bas de cette page<br \/>\n<\/span><\/p>\n<p>\u2192 Adaptation du crochet Technics pour bras de lecture : <span style=\"color:#ff0000;\">10\u20ac<\/span><\/p>\n<p>N\u00e9e d&rsquo;une \u00e9troite collaboration entre Vestax, Q-Bert &amp; Thudrumble (<a href=\"http:\/\/www.thudrumble.com\/w\/vestax-page-1\">lien<\/a>), la QFO est une platine vinyle de type PDX 2000 MKII pro, combin\u00e9e \u00e0 une table de mixage PMC-07 pro !! Cet OVNI du turntablism est l&rsquo;outil parfait pour les acharn\u00e9s et geeks du scratch.<\/p>\n<p><a href=\"http:\/\/krns\/wp-content\/uploads\/2015\/08\/qfo-main-1-198f3ecb8b8230ee676211a0cc055bfd.jpg\"><img loading=\"lazy\" class=\"alignnone size-medium wp-image-737\" src=\"http:\/\/krns\/wp-content\/uploads\/2015\/08\/qfo-main-1-198f3ecb8b8230ee676211a0cc055bfd.jpg?w=300\" alt=\"QFO-main-1-198f3ecb8b8230ee676211a0cc055bfd\" width=\"300\" height=\"274\" srcset=\"https:\/\/docteurkrns.com\/wp-content\/uploads\/2015\/08\/qfo-main-1-198f3ecb8b8230ee676211a0cc055bfd.jpg 1566w, https:\/\/docteurkrns.com\/wp-content\/uploads\/2015\/08\/qfo-main-1-198f3ecb8b8230ee676211a0cc055bfd-300x274.jpg 300w, https:\/\/docteurkrns.com\/wp-content\/uploads\/2015\/08\/qfo-main-1-198f3ecb8b8230ee676211a0cc055bfd-768x702.jpg 768w, https:\/\/docteurkrns.com\/wp-content\/uploads\/2015\/08\/qfo-main-1-198f3ecb8b8230ee676211a0cc055bfd-1024x936.jpg 1024w\" sizes=\"(max-width: 300px) 100vw, 300px\" \/><\/a><\/p>\n<p>Le savoir-faire de la firme Vestax s&rsquo;exprime ici \u00e0 100%, cependant comme sur l&rsquo;ensemble des produits Vestax, quelques am\u00e9liorations et r\u00e9glages leur redonnent un coup de neuf et feront de votre QFO une arme redoutable.<\/p>\n<p>Le forfait r\u00e9vision \/ nettoyage inclus une remise en \u00e9tat des faders et du crossfader pour un touch\u00e9 et une finesse de cut sans comparaison. La QFO n&rsquo;est pas dot\u00e9e de r\u00e9glages pour affiner la but\u00e9e du crossfader comme sur la PMC-08 pro par exemple, je profite donc de cette r\u00e9vision pour installer des cales afin de compenser le \u00ab\u00a0gap\u00a0\u00bb de la coupure du crossfader, vous allez red\u00e9couvrir votre QFO !<\/p>\n<p><a href=\"http:\/\/krns\/wp-content\/uploads\/2015\/08\/qfo-le-dx.jpg\"><img loading=\"lazy\" class=\"alignnone size-medium wp-image-738\" src=\"http:\/\/krns\/wp-content\/uploads\/2015\/08\/qfo-le-dx.jpg?w=264\" alt=\"QFO-LE-DX\" width=\"264\" height=\"300\" srcset=\"https:\/\/docteurkrns.com\/wp-content\/uploads\/2015\/08\/qfo-le-dx.jpg 1318w, https:\/\/docteurkrns.com\/wp-content\/uploads\/2015\/08\/qfo-le-dx-264x300.jpg 264w, https:\/\/docteurkrns.com\/wp-content\/uploads\/2015\/08\/qfo-le-dx-768x874.jpg 768w, https:\/\/docteurkrns.com\/wp-content\/uploads\/2015\/08\/qfo-le-dx-900x1024.jpg 900w\" sizes=\"(max-width: 264px) 100vw, 264px\" \/><\/a><\/p>\n<p>&nbsp;<\/p>\n<p><span style=\"color:#ff0000;\">SORTIE PHONO POUR QFO<\/span><\/p>\n<p><span class=\"embed-youtube\" style=\"text-align:center; display: block;\"><iframe class='youtube-player' width='584' height='329' src='https:\/\/www.youtube.com\/embed\/ADAjqvdBI6s?version=3&#038;rel=1&#038;fs=1&#038;autohide=2&#038;showsearch=0&#038;showinfo=1&#038;iv_load_policy=1&#038;wmode=transparent' allowfullscreen='true' style='border:0;'><\/iframe><\/span><\/p>\n<p>&nbsp;<\/p>\n<p>&nbsp;<\/p>\n<p>&nbsp;<\/p>\n<p>Pour plus de d\u00e9tails sur le forfait ou toute autre question sur une \u00e9ventuelle r\u00e9paration n&rsquo;h\u00e9sitez pas \u00e0 me contacter par <a href=\"http:\/\/wp.me\/P47juh-1l\" target=\"_blank\">mail<\/a> ou <a href=\"http:\/\/wp.me\/P47juh-1l\" target=\"_blank\">t\u00e9l\u00e9phone<\/a>.<\/p>\n<p>&nbsp;<\/p>\n<p>&nbsp;<\/p>\n","protected":false},"excerpt":{"rendered":"<p>\u2192 Forfait r\u00e9vision \/ nettoyage \/ reconditionnement des faders et du crossfader : 100\u20ac \u2192 Montage de crossfaders Innofader PNP ou Penny &amp; Giles : 20\u20ac + prix du crossfader \u2192 Pose d&rsquo;une sortie PHONO qur QFO uniquemement + c\u00e2ble &hellip; <a href=\"https:\/\/docteurkrns.com\/index.php\/platines-vinyles\/vestax-pdx-series-et-qfo\/vestax-qfo-qfo-le\/\">Continuer la lecture <span class=\"meta-nav\">&rarr;<\/span><\/a><\/p>\n","protected":false},"author":2,"featured_media":187,"parent":406,"menu_order":0,"comment_status":"closed","ping_status":"open","template":"","meta":{"spay_email":""},"jetpack_sharing_enabled":true,"jetpack_shortlink":"https:\/\/wp.me\/Pa1UeJ-73","_links":{"self":[{"href":"https:\/\/docteurkrns.com\/index.php\/wp-json\/wp\/v2\/pages\/437"}],"collection":[{"href":"https:\/\/docteurkrns.com\/index.php\/wp-json\/wp\/v2\/pages"}],"about":[{"href":"https:\/\/docteurkrns.com\/index.php\/wp-json\/wp\/v2\/types\/page"}],"author":[{"embeddable":true,"href":"https:\/\/docteurkrns.com\/index.php\/wp-json\/wp\/v2\/users\/2"}],"replies":[{"embeddable":true,"href":"https:\/\/docteurkrns.com\/index.php\/wp-json\/wp\/v2\/comments?post=437"}],"version-history":[{"count":1,"href":"https:\/\/docteurkrns.com\/index.php\/wp-json\/wp\/v2\/pages\/437\/revisions"}],"predecessor-version":[{"id":1303,"href":"https:\/\/docteurkrns.com\/index.php\/wp-json\/wp\/v2\/pages\/437\/revisions\/1303"}],"up":[{"embeddable":true,"href":"https:\/\/docteurkrns.com\/index.php\/wp-json\/wp\/v2\/pages\/406"}],"wp:featuredmedia":[{"embeddable":true,"href":"https:\/\/docteurkrns.com\/index.php\/wp-json\/wp\/v2\/media\/187"}],"wp:attachment":[{"href":"https:\/\/docteurkrns.com\/index.php\/wp-json\/wp\/v2\/media?parent=437"}],"curies":[{"name":"wp","href":"https:\/\/api.w.org\/{rel}","templated":true}]}}