{"id":485,"date":"2015-02-25T14:39:37","date_gmt":"2015-02-25T14:39:37","guid":{"rendered":"http:\/\/docteurkrns.com\/?page_id=485"},"modified":"2022-08-29T13:47:26","modified_gmt":"2022-08-29T11:47:26","slug":"tables-de-mixage-vestax","status":"publish","type":"page","link":"https:\/\/docteurkrns.com\/index.php\/tables-de-mixage\/tables-de-mixage-vestax\/","title":{"rendered":"Vestax"},"content":{"rendered":"<p>Choisissez la r\u00e9f\u00e9rence de votre table de mixage \u00e0 r\u00e9parer, entretenir ou modifier.<\/p>\n<p>&#8211; <a href=\"https:\/\/docteurkrns.com\/index.php\/tables-de-mixage\/tables-de-mixage-vestax\/vestax-pmc-05-pro-1-2-et-3\/\">Vestax PMC-05 pro 1, 2 et 3\u00a0\u00a0\u00a0\u00a0\u00a0\u00a0\u00a0\u00a0\u00a0\u00a0\u00a0\u00a0\u00a0\u00a0\u00a0\u00a0\u00a0\u00a0\u00a0\u00a0 <img loading=\"lazy\" class=\"alignnone size-medium wp-image-486\" src=\"http:\/\/krns\/wp-content\/uploads\/2015\/02\/vestax-05-series.jpg?w=300\" alt=\"VESTAX 05 series\" width=\"300\" height=\"227\" srcset=\"https:\/\/docteurkrns.com\/wp-content\/uploads\/2015\/02\/vestax-05-series.jpg 3700w, https:\/\/docteurkrns.com\/wp-content\/uploads\/2015\/02\/vestax-05-series-300x227.jpg 300w, https:\/\/docteurkrns.com\/wp-content\/uploads\/2015\/02\/vestax-05-series-768x581.jpg 768w, https:\/\/docteurkrns.com\/wp-content\/uploads\/2015\/02\/vestax-05-series-1024x775.jpg 1024w\" sizes=\"(max-width: 300px) 100vw, 300px\" \/><\/a><\/p>\n<p>&#8211; <a href=\"http:\/\/wp.me\/P47juh-aS\">Vestax PMC-05 pro 4\u00a0\u00a0\u00a0\u00a0\u00a0\u00a0\u00a0\u00a0\u00a0\u00a0\u00a0\u00a0\u00a0\u00a0\u00a0\u00a0\u00a0\u00a0\u00a0\u00a0\u00a0\u00a0\u00a0\u00a0\u00a0\u00a0\u00a0\u00a0\u00a0\u00a0\u00a0 <img loading=\"lazy\" class=\"alignnone size-medium wp-image-487\" src=\"http:\/\/krns\/wp-content\/uploads\/2015\/02\/o5-pro-4.jpg?w=300\" alt=\"O5 pro 4\" width=\"300\" height=\"198\" srcset=\"https:\/\/docteurkrns.com\/wp-content\/uploads\/2015\/02\/o5-pro-4.jpg 1260w, https:\/\/docteurkrns.com\/wp-content\/uploads\/2015\/02\/o5-pro-4-300x198.jpg 300w, https:\/\/docteurkrns.com\/wp-content\/uploads\/2015\/02\/o5-pro-4-768x506.jpg 768w, https:\/\/docteurkrns.com\/wp-content\/uploads\/2015\/02\/o5-pro-4-1024x675.jpg 1024w\" sizes=\"(max-width: 300px) 100vw, 300px\" \/><\/a><\/p>\n<p>&#8211; <a href=\"http:\/\/wp.me\/P47juh-aY\">Vestax PMC-06 pro\u00a0\u00a0\u00a0\u00a0\u00a0\u00a0\u00a0\u00a0\u00a0\u00a0\u00a0\u00a0\u00a0\u00a0\u00a0\u00a0\u00a0\u00a0\u00a0\u00a0\u00a0\u00a0\u00a0\u00a0\u00a0\u00a0\u00a0\u00a0\u00a0\u00a0\u00a0\u00a0\u00a0\u00a0 <img loading=\"lazy\" class=\"alignnone size-medium wp-image-490\" src=\"http:\/\/krns\/wp-content\/uploads\/2015\/02\/06.jpg?w=300\" alt=\"06\" width=\"300\" height=\"300\" srcset=\"https:\/\/docteurkrns.com\/wp-content\/uploads\/2015\/02\/06.jpg 1200w, https:\/\/docteurkrns.com\/wp-content\/uploads\/2015\/02\/06-150x150.jpg 150w, https:\/\/docteurkrns.com\/wp-content\/uploads\/2015\/02\/06-300x300.jpg 300w, https:\/\/docteurkrns.com\/wp-content\/uploads\/2015\/02\/06-768x768.jpg 768w, https:\/\/docteurkrns.com\/wp-content\/uploads\/2015\/02\/06-1024x1024.jpg 1024w, https:\/\/docteurkrns.com\/wp-content\/uploads\/2015\/02\/06-100x100.jpg 100w\" sizes=\"(max-width: 300px) 100vw, 300px\" \/><\/a><\/p>\n<p>&#8211; <a href=\"http:\/\/wp.me\/P47juh-b1\">Vestax PMC-07 pro &amp; PMC-007 pro \u00a0 \u00a0 \u00a0 \u00a0 \u00a0 \u00a0 \u00a0 \u00a0 \u00a0 \u00a0 \u00a0 \u00a0 \u00a0 <img loading=\"lazy\" class=\"alignnone size-medium wp-image-488\" src=\"http:\/\/krns\/wp-content\/uploads\/2015\/02\/o7-pro.jpg?w=300\" alt=\"O7 pro\" width=\"300\" height=\"227\" srcset=\"https:\/\/docteurkrns.com\/wp-content\/uploads\/2015\/02\/o7-pro.jpg 3700w, https:\/\/docteurkrns.com\/wp-content\/uploads\/2015\/02\/o7-pro-300x227.jpg 300w, https:\/\/docteurkrns.com\/wp-content\/uploads\/2015\/02\/o7-pro-768x581.jpg 768w, https:\/\/docteurkrns.com\/wp-content\/uploads\/2015\/02\/o7-pro-1024x775.jpg 1024w\" sizes=\"(max-width: 300px) 100vw, 300px\" \/><\/a><\/p>\n<p>&#8211; Vestax PMC-08 pro\u00a0\u00a0\u00a0\u00a0\u00a0\u00a0\u00a0\u00a0\u00a0\u00a0\u00a0\u00a0\u00a0\u00a0\u00a0\u00a0\u00a0\u00a0\u00a0\u00a0\u00a0\u00a0\u00a0\u00a0\u00a0\u00a0\u00a0\u00a0\u00a0\u00a0\u00a0\u00a0\u00a0\u00a0 <a href=\"http:\/\/wp.me\/P47juh-fM\"><img loading=\"lazy\" class=\"alignnone size-medium wp-image-489\" src=\"http:\/\/krns\/wp-content\/uploads\/2015\/02\/08-pro.jpg?w=300\" alt=\"08 pro\" width=\"300\" height=\"240\" srcset=\"https:\/\/docteurkrns.com\/wp-content\/uploads\/2015\/02\/08-pro.jpg 2500w, https:\/\/docteurkrns.com\/wp-content\/uploads\/2015\/02\/08-pro-300x240.jpg 300w, https:\/\/docteurkrns.com\/wp-content\/uploads\/2015\/02\/08-pro-768x614.jpg 768w, https:\/\/docteurkrns.com\/wp-content\/uploads\/2015\/02\/08-pro-1024x819.jpg 1024w\" sizes=\"(max-width: 300px) 100vw, 300px\" \/><\/a><\/p>\n<p>&#8211; Vestax PMC-37 PRO<a href=\"http:\/\/wp.me\/P47juh-fP\">\u00a0\u00a0\u00a0\u00a0\u00a0\u00a0\u00a0\u00a0\u00a0\u00a0\u00a0\u00a0\u00a0\u00a0\u00a0\u00a0\u00a0\u00a0\u00a0\u00a0\u00a0\u00a0\u00a0\u00a0\u00a0\u00a0\u00a0\u00a0\u00a0\u00a0\u00a0\u00a0\u00a0\u00a0\u00a0\u00a0\u00a0\u00a0\u00a0\u00a0\u00a0\u00a0\u00a0\u00a0\u00a0\u00a0\u00a0\u00a0\u00a0\u00a0 <img loading=\"lazy\" class=\"alignnone size-full wp-image-609\" src=\"http:\/\/krns\/wp-content\/uploads\/2015\/03\/pmc-37.jpg\" alt=\"PMC 37\" width=\"250\" height=\"250\" srcset=\"https:\/\/docteurkrns.com\/wp-content\/uploads\/2015\/03\/pmc-37.jpg 250w, https:\/\/docteurkrns.com\/wp-content\/uploads\/2015\/03\/pmc-37-150x150.jpg 150w, https:\/\/docteurkrns.com\/wp-content\/uploads\/2015\/03\/pmc-37-100x100.jpg 100w\" sizes=\"(max-width: 250px) 100vw, 250px\" \/><\/a><\/p>\n<p>&#8211; Vestax PMC-CX , PMC-46 MKII<a href=\"http:\/\/wp.me\/P47juh-fR\">\u00a0\u00a0\u00a0\u00a0\u00a0\u00a0\u00a0\u00a0\u00a0\u00a0\u00a0\u00a0\u00a0\u00a0\u00a0\u00a0\u00a0\u00a0\u00a0\u00a0\u00a0 <img loading=\"lazy\" class=\"alignnone size-medium wp-image-608\" src=\"http:\/\/krns\/wp-content\/uploads\/2015\/03\/pmc-cx-1.jpg?w=300\" alt=\"PMC CX 1\" width=\"300\" height=\"225\" srcset=\"https:\/\/docteurkrns.com\/wp-content\/uploads\/2015\/03\/pmc-cx-1.jpg 2000w, https:\/\/docteurkrns.com\/wp-content\/uploads\/2015\/03\/pmc-cx-1-300x225.jpg 300w, https:\/\/docteurkrns.com\/wp-content\/uploads\/2015\/03\/pmc-cx-1-768x576.jpg 768w, https:\/\/docteurkrns.com\/wp-content\/uploads\/2015\/03\/pmc-cx-1-1024x768.jpg 1024w\" sizes=\"(max-width: 300px) 100vw, 300px\" \/><\/a><\/p>\n","protected":false},"excerpt":{"rendered":"<p>Choisissez la r\u00e9f\u00e9rence de votre table de mixage \u00e0 r\u00e9parer, entretenir ou modifier. &#8211; Vestax PMC-05 pro 1, 2 et 3\u00a0\u00a0\u00a0\u00a0\u00a0\u00a0\u00a0\u00a0\u00a0\u00a0\u00a0\u00a0\u00a0\u00a0\u00a0\u00a0\u00a0\u00a0\u00a0\u00a0 &#8211; Vestax PMC-05 pro 4\u00a0\u00a0\u00a0\u00a0\u00a0\u00a0\u00a0\u00a0\u00a0\u00a0\u00a0\u00a0\u00a0\u00a0\u00a0\u00a0\u00a0\u00a0\u00a0\u00a0\u00a0\u00a0\u00a0\u00a0\u00a0\u00a0\u00a0\u00a0\u00a0\u00a0\u00a0 &#8211; Vestax PMC-06 pro\u00a0\u00a0\u00a0\u00a0\u00a0\u00a0\u00a0\u00a0\u00a0\u00a0\u00a0\u00a0\u00a0\u00a0\u00a0\u00a0\u00a0\u00a0\u00a0\u00a0\u00a0\u00a0\u00a0\u00a0\u00a0\u00a0\u00a0\u00a0\u00a0\u00a0\u00a0\u00a0\u00a0\u00a0 &#8211; Vestax PMC-07 pro &amp; PMC-007 pro \u00a0 \u00a0 \u00a0 &hellip; <a href=\"https:\/\/docteurkrns.com\/index.php\/tables-de-mixage\/tables-de-mixage-vestax\/\">Continuer la lecture <span class=\"meta-nav\">&rarr;<\/span><\/a><\/p>\n","protected":false},"author":2,"featured_media":0,"parent":363,"menu_order":0,"comment_status":"closed","ping_status":"closed","template":"","meta":{"spay_email":""},"jetpack_sharing_enabled":false,"jetpack_shortlink":"https:\/\/wp.me\/Pa1UeJ-7P","_links":{"self":[{"href":"https:\/\/docteurkrns.com\/index.php\/wp-json\/wp\/v2\/pages\/485"}],"collection":[{"href":"https:\/\/docteurkrns.com\/index.php\/wp-json\/wp\/v2\/pages"}],"about":[{"href":"https:\/\/docteurkrns.com\/index.php\/wp-json\/wp\/v2\/types\/page"}],"author":[{"embeddable":true,"href":"https:\/\/docteurkrns.com\/index.php\/wp-json\/wp\/v2\/users\/2"}],"replies":[{"embeddable":true,"href":"https:\/\/docteurkrns.com\/index.php\/wp-json\/wp\/v2\/comments?post=485"}],"version-history":[{"count":2,"href":"https:\/\/docteurkrns.com\/index.php\/wp-json\/wp\/v2\/pages\/485\/revisions"}],"predecessor-version":[{"id":1513,"href":"https:\/\/docteurkrns.com\/index.php\/wp-json\/wp\/v2\/pages\/485\/revisions\/1513"}],"up":[{"embeddable":true,"href":"https:\/\/docteurkrns.com\/index.php\/wp-json\/wp\/v2\/pages\/363"}],"wp:attachment":[{"href":"https:\/\/docteurkrns.com\/index.php\/wp-json\/wp\/v2\/media?parent=485"}],"curies":[{"name":"wp","href":"https:\/\/api.w.org\/{rel}","templated":true}]}}