{"id":521,"date":"2015-02-28T20:09:44","date_gmt":"2015-02-28T20:09:44","guid":{"rendered":"http:\/\/docteurkrns.com\/?page_id=521"},"modified":"2020-09-11T10:14:47","modified_gmt":"2020-09-11T08:14:47","slug":"don-dorgane","status":"publish","type":"page","link":"https:\/\/docteurkrns.com\/index.php\/don-dorgane\/","title":{"rendered":"Don d&rsquo;organe"},"content":{"rendered":"<p>L&rsquo;industrie \u00e9lectronique mondiale concernant le mat\u00e9riel pour DJ&rsquo;s ne se porte pas tr\u00e8s bien comme vous avez pu le constater. Technics, et plus r\u00e9cemment Vestax, ont arr\u00e9t\u00e9 l&rsquo;aventure de l&rsquo;industrialisation de leurs machines.<\/p>\n<p>En tant que technicien\/r\u00e9parateur, j&rsquo;ai besoin de pi\u00e8ces d\u00e9tach\u00e9es en tout genre provenant de stocks encore existants ou bien encore de machines hors-d&rsquo;usage afin de r\u00e9cup\u00e9rer des pi\u00e8ces en bon \u00e9tat.<\/p>\n<p>C&rsquo;est pourquoi je lance un appel aux dons ou \u00e0 la vente de vos machines HS, qui ne vous serviront plus. Possibilit\u00e9 de reprise contre des travaux r\u00e9alis\u00e9s.<\/p>\n<p>Je traiterai rapidement vos propositions.<\/p>\n<p>Contact :&nbsp; docteurkrns@gmail.com&nbsp;&nbsp;&nbsp; 06.20.63.07.29<\/p>\n<p>&nbsp;<\/p>\n","protected":false},"excerpt":{"rendered":"<p>L&rsquo;industrie \u00e9lectronique mondiale concernant le mat\u00e9riel pour DJ&rsquo;s ne se porte pas tr\u00e8s bien comme vous avez pu le constater. Technics, et plus r\u00e9cemment Vestax, ont arr\u00e9t\u00e9 l&rsquo;aventure de l&rsquo;industrialisation de leurs machines. En tant que technicien\/r\u00e9parateur, j&rsquo;ai besoin de &hellip; <a href=\"https:\/\/docteurkrns.com\/index.php\/don-dorgane\/\">Continuer la lecture <span class=\"meta-nav\">&rarr;<\/span><\/a><\/p>\n","protected":false},"author":2,"featured_media":1438,"parent":0,"menu_order":0,"comment_status":"closed","ping_status":"closed","template":"","meta":{"spay_email":""},"jetpack_sharing_enabled":true,"jetpack_shortlink":"https:\/\/wp.me\/Pa1UeJ-8p","_links":{"self":[{"href":"https:\/\/docteurkrns.com\/index.php\/wp-json\/wp\/v2\/pages\/521"}],"collection":[{"href":"https:\/\/docteurkrns.com\/index.php\/wp-json\/wp\/v2\/pages"}],"about":[{"href":"https:\/\/docteurkrns.com\/index.php\/wp-json\/wp\/v2\/types\/page"}],"author":[{"embeddable":true,"href":"https:\/\/docteurkrns.com\/index.php\/wp-json\/wp\/v2\/users\/2"}],"replies":[{"embeddable":true,"href":"https:\/\/docteurkrns.com\/index.php\/wp-json\/wp\/v2\/comments?post=521"}],"version-history":[{"count":3,"href":"https:\/\/docteurkrns.com\/index.php\/wp-json\/wp\/v2\/pages\/521\/revisions"}],"predecessor-version":[{"id":1439,"href":"https:\/\/docteurkrns.com\/index.php\/wp-json\/wp\/v2\/pages\/521\/revisions\/1439"}],"wp:featuredmedia":[{"embeddable":true,"href":"https:\/\/docteurkrns.com\/index.php\/wp-json\/wp\/v2\/media\/1438"}],"wp:attachment":[{"href":"https:\/\/docteurkrns.com\/index.php\/wp-json\/wp\/v2\/media?parent=521"}],"curies":[{"name":"wp","href":"https:\/\/api.w.org\/{rel}","templated":true}]}}