{"id":648,"date":"2015-03-15T15:41:18","date_gmt":"2015-03-15T15:41:18","guid":{"rendered":"http:\/\/docteurkrns.com\/?page_id=648"},"modified":"2018-07-12T17:08:09","modified_gmt":"2018-07-12T15:08:09","slug":"vestax-pmc-05-pro-1-2-et-3","status":"publish","type":"page","link":"https:\/\/docteurkrns.com\/index.php\/tables-de-mixage\/tables-de-mixage-vestax\/vestax-pmc-05-pro-1-2-et-3\/","title":{"rendered":"Vestax PMC-05 pro 1, 2 et 3"},"content":{"rendered":"<p>\u2192 Forfait nettoyage, entretien complet et r\u00e9glage de la course du crossfader: <span style=\"color:#ff0000;\">70\u20ac<\/span><\/p>\n<p>\u00ab\u00a0Le\u00a0\u00bb mixer scratch pour d\u00e9butants ou confirm\u00e9s de la marque Vestax.<\/p>\n<p>On ne pr\u00e9sente plus cette mixette, qui \u00e0 r\u00e9volutionn\u00e9e en sont temps,\u00a0 le monde du scratch avec son crossfader PCV quasi inusable et son ergonomie travaill\u00e9 au plus simple possible. Q-bert \u00e0 entre-autre travaill\u00e9 sur ce mod\u00e8le. D\u00e9clin\u00e9 en plusieurs versions, certaines sont devenues collectors !<\/p>\n<p><a href=\"http:\/\/krns\/wp-content\/uploads\/2015\/03\/sans-titre-3.jpg\"><img loading=\"lazy\" class=\"alignnone wp-image-649\" src=\"http:\/\/krns\/wp-content\/uploads\/2015\/03\/sans-titre-3.jpg?w=300\" alt=\"Sans titre-3\" width=\"642\" height=\"488\" \/><\/a><\/p>\n<p><a href=\"http:\/\/krns\/wp-content\/uploads\/2015\/03\/sans-titre-2.jpg\"><img loading=\"lazy\" class=\"alignnone wp-image-650\" src=\"http:\/\/krns\/wp-content\/uploads\/2015\/03\/sans-titre-2.jpg?w=300\" alt=\"Sans titre-2\" width=\"709\" height=\"284\" \/><\/a><\/p>\n<p>Possibilit\u00e9 de remplacement des faders et du crossfader par des INNOFADER&rsquo;s ou Penny&amp;Giles.<\/p>\n<p>Pour toutes r\u00e9parations sp\u00e9cifiques merci de me contacter :\u00a0\u00a0\u00a0\u00a0\u00a0\u00a0\u00a0\u00a0 docteurkrns@gmail.com\u00a0\u00a0\u00a0\u00a0\u00a0\u00a0 06 20 63 07 29<\/p>\n","protected":false},"excerpt":{"rendered":"<p>\u2192 Forfait nettoyage, entretien complet et r\u00e9glage de la course du crossfader: 70\u20ac \u00ab\u00a0Le\u00a0\u00bb mixer scratch pour d\u00e9butants ou confirm\u00e9s de la marque Vestax. On ne pr\u00e9sente plus cette mixette, qui \u00e0 r\u00e9volutionn\u00e9e en sont temps,\u00a0 le monde du scratch &hellip; <a href=\"https:\/\/docteurkrns.com\/index.php\/tables-de-mixage\/tables-de-mixage-vestax\/vestax-pmc-05-pro-1-2-et-3\/\">Continuer la lecture <span class=\"meta-nav\">&rarr;<\/span><\/a><\/p>\n","protected":false},"author":2,"featured_media":0,"parent":485,"menu_order":0,"comment_status":"closed","ping_status":"open","template":"","meta":{"spay_email":""},"jetpack_sharing_enabled":true,"jetpack_shortlink":"https:\/\/wp.me\/Pa1UeJ-as","_links":{"self":[{"href":"https:\/\/docteurkrns.com\/index.php\/wp-json\/wp\/v2\/pages\/648"}],"collection":[{"href":"https:\/\/docteurkrns.com\/index.php\/wp-json\/wp\/v2\/pages"}],"about":[{"href":"https:\/\/docteurkrns.com\/index.php\/wp-json\/wp\/v2\/types\/page"}],"author":[{"embeddable":true,"href":"https:\/\/docteurkrns.com\/index.php\/wp-json\/wp\/v2\/users\/2"}],"replies":[{"embeddable":true,"href":"https:\/\/docteurkrns.com\/index.php\/wp-json\/wp\/v2\/comments?post=648"}],"version-history":[{"count":1,"href":"https:\/\/docteurkrns.com\/index.php\/wp-json\/wp\/v2\/pages\/648\/revisions"}],"predecessor-version":[{"id":1339,"href":"https:\/\/docteurkrns.com\/index.php\/wp-json\/wp\/v2\/pages\/648\/revisions\/1339"}],"up":[{"embeddable":true,"href":"https:\/\/docteurkrns.com\/index.php\/wp-json\/wp\/v2\/pages\/485"}],"wp:attachment":[{"href":"https:\/\/docteurkrns.com\/index.php\/wp-json\/wp\/v2\/media?parent=648"}],"curies":[{"name":"wp","href":"https:\/\/api.w.org\/{rel}","templated":true}]}}