{"id":683,"date":"2015-03-15T16:16:59","date_gmt":"2015-03-15T16:16:59","guid":{"rendered":"http:\/\/docteurkrns.com\/?page_id=683"},"modified":"2018-07-12T17:08:09","modified_gmt":"2018-07-12T15:08:09","slug":"vestax-pmc-07-pro-pmc-007-pro","status":"publish","type":"page","link":"https:\/\/docteurkrns.com\/index.php\/tables-de-mixage\/tables-de-mixage-vestax\/vestax-pmc-07-pro-pmc-007-pro\/","title":{"rendered":"Vestax PMC-07 pro &#038; PMC-007 pro"},"content":{"rendered":"<p>\u2192 Forfait nettoyage, entretien complet et r\u00e9glage de la course du crossfader: <span style=\"color:#ff0000;\">80\u20ac<\/span><\/p>\n<p>Le fleuron de la marque Vestax est bien entendu la PMC-07 PRO. Ultime scratch mixer d\u00e9vellop\u00e9 par Vestax en collaboration avec les Invisibl Skratch Picklz et surtout Q-Bert, elle \u00e0 clairement marqu\u00e9 son \u00e9poque de part sa taille, sa robustesse, sa qualit\u00e9 de son et son crossfader PCV ultra r\u00e9sistant.<\/p>\n<p>Ses multiples d\u00e9clinaisons en ont fait aujourd&rsquo;hui un objet de collection pour certains et restera \u00e0 jamais comme l&rsquo;arme ultime en mati\u00e8re de scratch pour son \u00e9poque.<\/p>\n<p>Cette table de mixage m\u00e9rite de vivre encore longtemps !<\/p>\n<p>&nbsp;<\/p>\n<p>Possibilit\u00e9 de remplacement des faders et du crossfader par des INNOFADER\u2019s.<\/p>\n<p>Pour toutes r\u00e9parations sp\u00e9cifiques merci de me contacter :\u00a0\u00a0\u00a0\u00a0\u00a0\u00a0\u00a0\u00a0 docteurkrns@<span class=\"skimlinks-unlinked\">gmail.com<\/span>\u00a0\u00a0\u00a0\u00a0\u00a0\u00a0 06 20 63 07 29<\/p>\n","protected":false},"excerpt":{"rendered":"<p>\u2192 Forfait nettoyage, entretien complet et r\u00e9glage de la course du crossfader: 80\u20ac Le fleuron de la marque Vestax est bien entendu la PMC-07 PRO. Ultime scratch mixer d\u00e9vellop\u00e9 par Vestax en collaboration avec les Invisibl Skratch Picklz et surtout &hellip; <a href=\"https:\/\/docteurkrns.com\/index.php\/tables-de-mixage\/tables-de-mixage-vestax\/vestax-pmc-07-pro-pmc-007-pro\/\">Continuer la lecture <span class=\"meta-nav\">&rarr;<\/span><\/a><\/p>\n","protected":false},"author":2,"featured_media":0,"parent":485,"menu_order":0,"comment_status":"closed","ping_status":"open","template":"","meta":{"spay_email":""},"jetpack_sharing_enabled":true,"jetpack_shortlink":"https:\/\/wp.me\/Pa1UeJ-b1","_links":{"self":[{"href":"https:\/\/docteurkrns.com\/index.php\/wp-json\/wp\/v2\/pages\/683"}],"collection":[{"href":"https:\/\/docteurkrns.com\/index.php\/wp-json\/wp\/v2\/pages"}],"about":[{"href":"https:\/\/docteurkrns.com\/index.php\/wp-json\/wp\/v2\/types\/page"}],"author":[{"embeddable":true,"href":"https:\/\/docteurkrns.com\/index.php\/wp-json\/wp\/v2\/users\/2"}],"replies":[{"embeddable":true,"href":"https:\/\/docteurkrns.com\/index.php\/wp-json\/wp\/v2\/comments?post=683"}],"version-history":[{"count":1,"href":"https:\/\/docteurkrns.com\/index.php\/wp-json\/wp\/v2\/pages\/683\/revisions"}],"predecessor-version":[{"id":1342,"href":"https:\/\/docteurkrns.com\/index.php\/wp-json\/wp\/v2\/pages\/683\/revisions\/1342"}],"up":[{"embeddable":true,"href":"https:\/\/docteurkrns.com\/index.php\/wp-json\/wp\/v2\/pages\/485"}],"wp:attachment":[{"href":"https:\/\/docteurkrns.com\/index.php\/wp-json\/wp\/v2\/media?parent=683"}],"curies":[{"name":"wp","href":"https:\/\/api.w.org\/{rel}","templated":true}]}}