{"id":983,"date":"2016-09-07T23:37:03","date_gmt":"2016-09-07T23:37:03","guid":{"rendered":"http:\/\/docteurkrns.com\/?page_id=983"},"modified":"2018-07-12T17:08:32","modified_gmt":"2018-07-12T15:08:32","slug":"vestax-pmc-cx-pmc-46-mkii","status":"publish","type":"page","link":"https:\/\/docteurkrns.com\/index.php\/tables-de-mixage\/tables-de-mixage-vestax\/vestax-pmc-cx-pmc-46-mkii\/","title":{"rendered":"Vestax PMC-CX, PMC-46 MKII"},"content":{"rendered":"<p>\u2192 Forfait r\u00e9vision \/ nettoyage : <span style=\"color:#ff0000;\">100\u20ac<\/span><\/p>\n<p>Possibilit\u00e9 d\u2019int\u00e9grer un Innofader en remplacement du crossfader d\u2019origine.<\/p>\n<p>Pour plus de d\u00e9tails sur le forfait ou toute autre question sur une \u00e9ventuelle r\u00e9paration n\u2019h\u00e9sitez pas \u00e0 me contacter par <a href=\"http:\/\/wp.me\/P47juh-1l\" target=\"_blank\">mail<\/a> ou <a href=\"http:\/\/wp.me\/P47juh-1l\" target=\"_blank\">t\u00e9l\u00e9phone<\/a>.<\/p>\n<p><a href=\"http:\/\/krns\/wp-content\/uploads\/2015\/03\/pmc-cx-1.jpg\"><img loading=\"lazy\" class=\"alignnone size-medium wp-image-608\" src=\"http:\/\/krns\/wp-content\/uploads\/2015\/03\/pmc-cx-1.jpg?w=300\" alt=\"PMC CX 1\" width=\"300\" height=\"225\" srcset=\"https:\/\/docteurkrns.com\/wp-content\/uploads\/2015\/03\/pmc-cx-1.jpg 2000w, https:\/\/docteurkrns.com\/wp-content\/uploads\/2015\/03\/pmc-cx-1-300x225.jpg 300w, https:\/\/docteurkrns.com\/wp-content\/uploads\/2015\/03\/pmc-cx-1-768x576.jpg 768w, https:\/\/docteurkrns.com\/wp-content\/uploads\/2015\/03\/pmc-cx-1-1024x768.jpg 1024w\" sizes=\"(max-width: 300px) 100vw, 300px\" \/><\/a><\/p>\n","protected":false},"excerpt":{"rendered":"<p>\u2192 Forfait r\u00e9vision \/ nettoyage : 100\u20ac Possibilit\u00e9 d\u2019int\u00e9grer un Innofader en remplacement du crossfader d\u2019origine. Pour plus de d\u00e9tails sur le forfait ou toute autre question sur une \u00e9ventuelle r\u00e9paration n\u2019h\u00e9sitez pas \u00e0 me contacter par mail ou t\u00e9l\u00e9phone.<\/p>\n","protected":false},"author":2,"featured_media":0,"parent":485,"menu_order":0,"comment_status":"closed","ping_status":"closed","template":"","meta":{"spay_email":""},"jetpack_sharing_enabled":true,"jetpack_shortlink":"https:\/\/wp.me\/Pa1UeJ-fR","_links":{"self":[{"href":"https:\/\/docteurkrns.com\/index.php\/wp-json\/wp\/v2\/pages\/983"}],"collection":[{"href":"https:\/\/docteurkrns.com\/index.php\/wp-json\/wp\/v2\/pages"}],"about":[{"href":"https:\/\/docteurkrns.com\/index.php\/wp-json\/wp\/v2\/types\/page"}],"author":[{"embeddable":true,"href":"https:\/\/docteurkrns.com\/index.php\/wp-json\/wp\/v2\/users\/2"}],"replies":[{"embeddable":true,"href":"https:\/\/docteurkrns.com\/index.php\/wp-json\/wp\/v2\/comments?post=983"}],"version-history":[{"count":1,"href":"https:\/\/docteurkrns.com\/index.php\/wp-json\/wp\/v2\/pages\/983\/revisions"}],"predecessor-version":[{"id":1345,"href":"https:\/\/docteurkrns.com\/index.php\/wp-json\/wp\/v2\/pages\/983\/revisions\/1345"}],"up":[{"embeddable":true,"href":"https:\/\/docteurkrns.com\/index.php\/wp-json\/wp\/v2\/pages\/485"}],"wp:attachment":[{"href":"https:\/\/docteurkrns.com\/index.php\/wp-json\/wp\/v2\/media?parent=983"}],"curies":[{"name":"wp","href":"https:\/\/api.w.org\/{rel}","templated":true}]}}